{"id":20314,"date":"2020-04-15T19:30:52","date_gmt":"2020-04-15T17:30:52","guid":{"rendered":"https:\/\/solecentrodeimagen.com\/?post_type=product&#038;p=20314"},"modified":"2024-11-01T22:32:57","modified_gmt":"2024-11-01T21:32:57","slug":"no-age-vaxin-confort-crema-nutricional-e1139","status":"publish","type":"product","link":"https:\/\/solecentrodeimagen.com\/fr\/producto\/no-age-vaxin-confort-crema-nutricional-e1139\/","title":{"rendered":"Ericson Skinjextion Crema No Age Vaxin-Confort 50 ML E1139"},"content":{"rendered":"<table border=\"0\" width=\"940\" cellspacing=\"0\" cellpadding=\"0\">\n<tbody>\n<tr>\n<td width=\"440\"><strong>No Age Vaxin Confort<\/strong><\/p>\n<p>Gracias a su textura nutritiva, la crema para el cuidado NO AGE VAXIN &#8211; COMFORT rellena y regenera la piel seca y calma la piel m\u00e1s sensible.<\/p>\n<p>Muy agradable de usar, penetra r\u00e1pidamente, dejando la piel bien nutrida con una agradable sensaci\u00f3n de confort. R\u00e1pidamente, las arrugas y las l\u00edneas finas se reducen, la cara se ve m\u00e1s joven<\/p>\n<p>Activos:<\/p>\n<p>IMUDILIN: ingrediente activo obtenido por biotecnolog\u00eda, proporciona citostimulaci\u00f3n y tiende a reproducir el proceso de una &#8220;vacuna antienvejecimiento&#8221;, lo que hace posible retrasar el envejecimiento de los tejidos de la piel.<br \/>\nSNAP-8: asociaci\u00f3n de 8 amino\u00e1cidos, que tiende a imitar el papel de la toxina botul\u00ednica y permite actuar sobre los factores responsables de la contracci\u00f3n de la arruga.<br \/>\n\u00c1CIDO HIALUR\u00d3NICO DE ALTO PESO MOLECULAR: un sensor de hidrataci\u00f3n real, que permite rellenar las arrugas y redensificar la piel r\u00e1pidamente.<\/p>\n<p>Modo de uso:<\/p>\n<p>Usar dia y noche tras la limpieza habitual con Synaptic Milk y Synaptic Lotion.<\/td>\n<\/tr>\n<\/tbody>\n<\/table>\n","protected":false},"excerpt":{"rendered":"<table border=\"0\" width=\"940\" cellspacing=\"0\" cellpadding=\"0\">\n<tbody>\n<tr>\n<td width=\"440\"><strong>No Age Vaxin Confort<\/strong><\/p>\n<p>Gracias a su textura nutritiva, la crema para el cuidado NO AGE VAXIN &#8211; COMFORT rellena y regenera la piel seca y calma la piel m\u00e1s sensible.<\/p>\n<p>Muy agradable de usar, penetra r\u00e1pidamente, dejando la piel bien nutrida con una agradable sensaci\u00f3n de confort. R\u00e1pidamente, las arrugas y las l\u00edneas finas se reducen, la cara se ve m\u00e1s joven<\/p>\n<p>Modo de uso:<\/p>\n<p>Usar dia y noche tras la limpieza habitual con Synaptic Milk y Synaptic Lotion.<\/td>\n<\/tr>\n<\/tbody>\n<\/table>\n","protected":false},"featured_media":20500,"comment_status":"open","ping_status":"closed","template":"","meta":[],"product_cat":[183],"product_tag":[],"class_list":{"0":"post-20314","1":"product","2":"type-product","3":"status-publish","4":"has-post-thumbnail","6":"product_cat-ericson","8":"first","9":"instock","10":"taxable","11":"shipping-taxable","12":"purchasable","13":"product-type-simple"},"translation":{"provider":"WPGlobus","version":"3.0.0","language":"fr","enabled_languages":["es","en","fr"],"languages":{"es":{"title":true,"content":true,"excerpt":true},"en":{"title":false,"content":false,"excerpt":false},"fr":{"title":false,"content":false,"excerpt":false}}},"yoast_head":"<!-- This site is optimized with the Yoast SEO plugin v23.5 - https:\/\/yoast.com\/wordpress\/plugins\/seo\/ -->\n<title>Ericson Skinjextion Crema No Age Vaxin-Confort 50 ML E1139 | Sole Centro de Imagen<\/title>\n<meta name=\"robots\" content=\"index, follow, max-snippet:-1, max-image-preview:large, max-video-preview:-1\" \/>\n<link rel=\"canonical\" href=\"https:\/\/solecentrodeimagen.com\/producto\/no-age-vaxin-confort-crema-nutricional-e1139\/\" \/>\n<meta property=\"og:locale\" content=\"fr_FR\" \/>\n<meta property=\"og:type\" content=\"article\" \/>\n<meta property=\"og:title\" content=\"Ericson Skinjextion Crema No Age Vaxin-Confort 50 ML E1139 | Sole Centro de Imagen\" \/>\n<meta property=\"og:url\" content=\"https:\/\/solecentrodeimagen.com\/producto\/no-age-vaxin-confort-crema-nutricional-e1139\/\" \/>\n<meta property=\"og:site_name\" content=\"Sole Centro de Imagen\" \/>\n<meta property=\"article:publisher\" content=\"http:\/\/www.facebook.com\/solecentrodeimagen\" \/>\n<meta property=\"article:modified_time\" content=\"2024-11-01T21:32:57+00:00\" \/>\n<meta property=\"og:image\" content=\"https:\/\/solecentrodeimagen.com\/wp-content\/uploads\/2020\/04\/synaptic-no-age-vaxin-confort-ericson.jpg\" \/>\n\t<meta property=\"og:image:width\" content=\"206\" \/>\n\t<meta property=\"og:image:height\" content=\"245\" \/>\n\t<meta property=\"og:image:type\" content=\"image\/jpeg\" \/>\n<meta name=\"twitter:card\" content=\"summary_large_image\" \/>\n<meta name=\"twitter:label1\" content=\"Est. reading time\" \/>\n\t<meta name=\"twitter:data1\" content=\"1 minute\" \/>\n<script type=\"application\/ld+json\" class=\"yoast-schema-graph\">{\"@context\":\"https:\/\/schema.org\",\"@graph\":[{\"@type\":\"WebPage\",\"@id\":\"https:\/\/solecentrodeimagen.com\/producto\/no-age-vaxin-confort-crema-nutricional-e1139\/\",\"url\":\"https:\/\/solecentrodeimagen.com\/producto\/no-age-vaxin-confort-crema-nutricional-e1139\/\",\"name\":\"Ericson Skinjextion Crema No Age Vaxin-Confort 50 ML E1139 | Sole Centro de Imagen\",\"isPartOf\":{\"@id\":\"https:\/\/solecentrodeimagen.com\/#website\"},\"primaryImageOfPage\":{\"@id\":\"https:\/\/solecentrodeimagen.com\/producto\/no-age-vaxin-confort-crema-nutricional-e1139\/#primaryimage\"},\"image\":{\"@id\":\"https:\/\/solecentrodeimagen.com\/producto\/no-age-vaxin-confort-crema-nutricional-e1139\/#primaryimage\"},\"thumbnailUrl\":\"https:\/\/solecentrodeimagen.com\/wp-content\/uploads\/2020\/04\/synaptic-no-age-vaxin-confort-ericson.jpg\",\"datePublished\":\"2020-04-15T17:30:52+00:00\",\"dateModified\":\"2024-11-01T21:32:57+00:00\",\"breadcrumb\":{\"@id\":\"https:\/\/solecentrodeimagen.com\/producto\/no-age-vaxin-confort-crema-nutricional-e1139\/#breadcrumb\"},\"inLanguage\":\"fr-FR\",\"potentialAction\":[{\"@type\":\"ReadAction\",\"target\":[\"https:\/\/solecentrodeimagen.com\/producto\/no-age-vaxin-confort-crema-nutricional-e1139\/\"]}]},{\"@type\":\"ImageObject\",\"inLanguage\":\"fr-FR\",\"@id\":\"https:\/\/solecentrodeimagen.com\/producto\/no-age-vaxin-confort-crema-nutricional-e1139\/#primaryimage\",\"url\":\"https:\/\/solecentrodeimagen.com\/wp-content\/uploads\/2020\/04\/synaptic-no-age-vaxin-confort-ericson.jpg\",\"contentUrl\":\"https:\/\/solecentrodeimagen.com\/wp-content\/uploads\/2020\/04\/synaptic-no-age-vaxin-confort-ericson.jpg\",\"width\":206,\"height\":245},{\"@type\":\"BreadcrumbList\",\"@id\":\"https:\/\/solecentrodeimagen.com\/producto\/no-age-vaxin-confort-crema-nutricional-e1139\/#breadcrumb\",\"itemListElement\":[{\"@type\":\"ListItem\",\"position\":1,\"name\":\"Home\",\"item\":\"https:\/\/solecentrodeimagen.com\/\"},{\"@type\":\"ListItem\",\"position\":2,\"name\":\"Tienda\",\"item\":\"https:\/\/solecentrodeimagen.com\/tienda\/\"},{\"@type\":\"ListItem\",\"position\":3,\"name\":\"Ericson Skinjextion Crema No Age Vaxin-Confort 50 ML E1139\"}]},{\"@type\":\"WebSite\",\"@id\":\"https:\/\/solecentrodeimagen.com\/#website\",\"url\":\"https:\/\/solecentrodeimagen.com\/\",\"name\":\"Sole Centro de Imagen\",\"description\":\"Centro Medicina Est\u00e9tica, Dermatolog\u00eda y Est\u00e9tica avanzada\",\"publisher\":{\"@id\":\"https:\/\/solecentrodeimagen.com\/#organization\"},\"potentialAction\":[{\"@type\":\"SearchAction\",\"target\":{\"@type\":\"EntryPoint\",\"urlTemplate\":\"https:\/\/solecentrodeimagen.com\/?s={search_term_string}\"},\"query-input\":{\"@type\":\"PropertyValueSpecification\",\"valueRequired\":true,\"valueName\":\"search_term_string\"}}],\"inLanguage\":\"fr-FR\"},{\"@type\":\"Organization\",\"@id\":\"https:\/\/solecentrodeimagen.com\/#organization\",\"name\":\"Sole Centro de Imagen Integral\",\"url\":\"https:\/\/solecentrodeimagen.com\/\",\"logo\":{\"@type\":\"ImageObject\",\"inLanguage\":\"fr-FR\",\"@id\":\"https:\/\/solecentrodeimagen.com\/#\/schema\/logo\/image\/\",\"url\":\"https:\/\/solecentrodeimagen.com\/wp-content\/uploads\/2016\/06\/logo-solecentromedico.png\",\"contentUrl\":\"https:\/\/solecentrodeimagen.com\/wp-content\/uploads\/2016\/06\/logo-solecentromedico.png\",\"width\":281,\"height\":96,\"caption\":\"Sole Centro de Imagen Integral\"},\"image\":{\"@id\":\"https:\/\/solecentrodeimagen.com\/#\/schema\/logo\/image\/\"},\"sameAs\":[\"http:\/\/www.facebook.com\/solecentrodeimagen\",\"http:\/\/www.instagram.com\/solecentrodeimagen\"]}]}<\/script>\n<!-- \/ Yoast SEO plugin. -->","yoast_head_json":{"title":"Ericson Skinjextion Crema No Age Vaxin-Confort 50 ML E1139 | Sole Centro de Imagen","robots":{"index":"index","follow":"follow","max-snippet":"max-snippet:-1","max-image-preview":"max-image-preview:large","max-video-preview":"max-video-preview:-1"},"canonical":"https:\/\/solecentrodeimagen.com\/producto\/no-age-vaxin-confort-crema-nutricional-e1139\/","og_locale":"fr_FR","og_type":"article","og_title":"Ericson Skinjextion Crema No Age Vaxin-Confort 50 ML E1139 | Sole Centro de Imagen","og_url":"https:\/\/solecentrodeimagen.com\/producto\/no-age-vaxin-confort-crema-nutricional-e1139\/","og_site_name":"Sole Centro de Imagen","article_publisher":"http:\/\/www.facebook.com\/solecentrodeimagen","article_modified_time":"2024-11-01T21:32:57+00:00","og_image":[{"width":206,"height":245,"url":"https:\/\/solecentrodeimagen.com\/wp-content\/uploads\/2020\/04\/synaptic-no-age-vaxin-confort-ericson.jpg","type":"image\/jpeg"}],"twitter_card":"summary_large_image","twitter_misc":{"Est. reading time":"1 minute"},"schema":{"@context":"https:\/\/schema.org","@graph":[{"@type":"WebPage","@id":"https:\/\/solecentrodeimagen.com\/producto\/no-age-vaxin-confort-crema-nutricional-e1139\/","url":"https:\/\/solecentrodeimagen.com\/producto\/no-age-vaxin-confort-crema-nutricional-e1139\/","name":"Ericson Skinjextion Crema No Age Vaxin-Confort 50 ML E1139 | Sole Centro de Imagen","isPartOf":{"@id":"https:\/\/solecentrodeimagen.com\/#website"},"primaryImageOfPage":{"@id":"https:\/\/solecentrodeimagen.com\/producto\/no-age-vaxin-confort-crema-nutricional-e1139\/#primaryimage"},"image":{"@id":"https:\/\/solecentrodeimagen.com\/producto\/no-age-vaxin-confort-crema-nutricional-e1139\/#primaryimage"},"thumbnailUrl":"https:\/\/solecentrodeimagen.com\/wp-content\/uploads\/2020\/04\/synaptic-no-age-vaxin-confort-ericson.jpg","datePublished":"2020-04-15T17:30:52+00:00","dateModified":"2024-11-01T21:32:57+00:00","breadcrumb":{"@id":"https:\/\/solecentrodeimagen.com\/producto\/no-age-vaxin-confort-crema-nutricional-e1139\/#breadcrumb"},"inLanguage":"fr-FR","potentialAction":[{"@type":"ReadAction","target":["https:\/\/solecentrodeimagen.com\/producto\/no-age-vaxin-confort-crema-nutricional-e1139\/"]}]},{"@type":"ImageObject","inLanguage":"fr-FR","@id":"https:\/\/solecentrodeimagen.com\/producto\/no-age-vaxin-confort-crema-nutricional-e1139\/#primaryimage","url":"https:\/\/solecentrodeimagen.com\/wp-content\/uploads\/2020\/04\/synaptic-no-age-vaxin-confort-ericson.jpg","contentUrl":"https:\/\/solecentrodeimagen.com\/wp-content\/uploads\/2020\/04\/synaptic-no-age-vaxin-confort-ericson.jpg","width":206,"height":245},{"@type":"BreadcrumbList","@id":"https:\/\/solecentrodeimagen.com\/producto\/no-age-vaxin-confort-crema-nutricional-e1139\/#breadcrumb","itemListElement":[{"@type":"ListItem","position":1,"name":"Home","item":"https:\/\/solecentrodeimagen.com\/"},{"@type":"ListItem","position":2,"name":"Tienda","item":"https:\/\/solecentrodeimagen.com\/tienda\/"},{"@type":"ListItem","position":3,"name":"Ericson Skinjextion Crema No Age Vaxin-Confort 50 ML E1139"}]},{"@type":"WebSite","@id":"https:\/\/solecentrodeimagen.com\/#website","url":"https:\/\/solecentrodeimagen.com\/","name":"Sole Centro de Imagen","description":"Centro Medicina Est\u00e9tica, Dermatolog\u00eda y Est\u00e9tica avanzada","publisher":{"@id":"https:\/\/solecentrodeimagen.com\/#organization"},"potentialAction":[{"@type":"SearchAction","target":{"@type":"EntryPoint","urlTemplate":"https:\/\/solecentrodeimagen.com\/?s={search_term_string}"},"query-input":{"@type":"PropertyValueSpecification","valueRequired":true,"valueName":"search_term_string"}}],"inLanguage":"fr-FR"},{"@type":"Organization","@id":"https:\/\/solecentrodeimagen.com\/#organization","name":"Sole Centro de Imagen Integral","url":"https:\/\/solecentrodeimagen.com\/","logo":{"@type":"ImageObject","inLanguage":"fr-FR","@id":"https:\/\/solecentrodeimagen.com\/#\/schema\/logo\/image\/","url":"https:\/\/solecentrodeimagen.com\/wp-content\/uploads\/2016\/06\/logo-solecentromedico.png","contentUrl":"https:\/\/solecentrodeimagen.com\/wp-content\/uploads\/2016\/06\/logo-solecentromedico.png","width":281,"height":96,"caption":"Sole Centro de Imagen Integral"},"image":{"@id":"https:\/\/solecentrodeimagen.com\/#\/schema\/logo\/image\/"},"sameAs":["http:\/\/www.facebook.com\/solecentrodeimagen","http:\/\/www.instagram.com\/solecentrodeimagen"]}]}},"_links":{"self":[{"href":"https:\/\/solecentrodeimagen.com\/fr\/wp-json\/wp\/v2\/product\/20314"}],"collection":[{"href":"https:\/\/solecentrodeimagen.com\/fr\/wp-json\/wp\/v2\/product"}],"about":[{"href":"https:\/\/solecentrodeimagen.com\/fr\/wp-json\/wp\/v2\/types\/product"}],"replies":[{"embeddable":true,"href":"https:\/\/solecentrodeimagen.com\/fr\/wp-json\/wp\/v2\/comments?post=20314"}],"wp:featuredmedia":[{"embeddable":true,"href":"https:\/\/solecentrodeimagen.com\/fr\/wp-json\/wp\/v2\/media\/20500"}],"wp:attachment":[{"href":"https:\/\/solecentrodeimagen.com\/fr\/wp-json\/wp\/v2\/media?parent=20314"}],"wp:term":[{"taxonomy":"product_cat","embeddable":true,"href":"https:\/\/solecentrodeimagen.com\/fr\/wp-json\/wp\/v2\/product_cat?post=20314"},{"taxonomy":"product_tag","embeddable":true,"href":"https:\/\/solecentrodeimagen.com\/fr\/wp-json\/wp\/v2\/product_tag?post=20314"}],"curies":[{"name":"wp","href":"https:\/\/api.w.org\/{rel}","templated":true}]}}