{"id":20320,"date":"2020-04-16T07:19:38","date_gmt":"2020-04-16T05:19:38","guid":{"rendered":"https:\/\/solecentrodeimagen.com\/?post_type=product&#038;p=20320"},"modified":"2025-10-14T20:10:40","modified_gmt":"2025-10-14T18:10:40","slug":"lifting-serum-super-power-y-maximum-crema-pack-e739-e-1413","status":"publish","type":"product","link":"https:\/\/solecentrodeimagen.com\/fr\/producto\/lifting-serum-super-power-y-maximum-crema-pack-e739-e-1413\/","title":{"rendered":"Ericson Suprem Pack &#8211; Lifting Serum y Crema Super Power  E739 +E 1413"},"content":{"rendered":"<p><strong>El tratamiento supremo,intenso, regenerador y especifico para las pieles maduras. Aporta vitalidad<\/strong><\/p>\n<p>Funciones: consta de dos pasos SERUM y CREMA<\/p>\n<p><strong>SERUM SUPER POWER LIFTING<\/strong><\/p>\n<p>Ideal en caso de fatiga m\u00e1s marcada, restaura la vitalidad de la piel. Tiene una acci\u00f3n lifting inmediata,<br \/>\nreestructura profundamente los tejidos, reafirma y tensa la piel.<\/p>\n<p>Activos:<\/p>\n<p>OSILIFT tensor inmediato<\/p>\n<p>VEGESERYL tensor y regenerante potente<\/p>\n<p>&nbsp;<\/p>\n<p><strong>CREMA MAXIMUM REAFIRMANTE (ELEVACI\u00d3N M\u00c1XIMA)<\/strong><br \/>\nAutentico tratamiento anti fatiga\u00a0 para la piel cansada y relajada con efecto <strong>tensor<\/strong> y pulidor de arrugas inmediato. Reafirma los tejidos, fortalece su estructura y reforma profundamente el \u00f3valo de la cara.\u00a0Visiblemente m\u00e1s firme y m\u00e1s tonificada, la piel gana elasticidad y resistencia .<\/p>\n<p>Activos:<\/p>\n<p>Matrixyl synthe\u00b46 potente antiarrugas<\/p>\n<p>Ambos componentes imitan los efectos anti envejecimiento de DHEA y RETINOL en la piel.<\/p>\n<p>Modo de uso:<\/p>\n<p>Despu\u00e9s de limpiar con la leche y tonificar , aplicar el serum y la crema con un suave masaje por la cara, cuero y escote<\/p>\n<h2>Modo<\/h2>\n","protected":false},"excerpt":{"rendered":"<p><b>El tratamiento supremo aporta vitalidad, es intenso, regenerador y espec\u00edfico para las pieles maduras.\u00a0<\/b><\/p>\n<p>Consta de dos pasos:<\/p>\n<p><strong>SERUM SUPER POWER LIFTING<\/strong><\/p>\n<p>Ideal en caso de fatiga m\u00e1s marcada, restaura la vitalidad de la piel. Tiene una acci\u00f3n lifting inmediata,<br \/>\nreestructura profundamente los tejidos, reafirma y tensa la piel.<\/p>\n<p><strong>CREMA MAXIMUM REAFIRMANTE (ELEVACI\u00d3N M\u00c1XIMA)<\/strong><br \/>\nAutentico tratamiento anti fatiga\u00a0 para la piel cansada y relajada con efecto <strong>tensor<\/strong> y pulidor de arrugas inmediato. Reafirma los tejidos, fortalece su estructura y reforma profundamente el \u00f3valo de la cara.\u00a0Visiblemente m\u00e1s firme y m\u00e1s tonificada, la piel gana elasticidad y resistencia .<\/p>\n<p>Modo de uso:<\/p>\n<p>Despu\u00e9s de limpiar con la leche y tonificar , aplicar el serum y la crema con un suave masaje por la cara, cuero y escote<\/p>\n","protected":false},"featured_media":21317,"comment_status":"open","ping_status":"closed","template":"","meta":[],"product_cat":[183],"product_tag":[],"class_list":{"0":"post-20320","1":"product","2":"type-product","3":"status-publish","4":"has-post-thumbnail","6":"product_cat-ericson","8":"first","9":"outofstock","10":"taxable","11":"shipping-taxable","12":"purchasable","13":"product-type-simple"},"translation":{"provider":"WPGlobus","version":"3.0.0","language":"fr","enabled_languages":["es","en","fr"],"languages":{"es":{"title":true,"content":true,"excerpt":true},"en":{"title":false,"content":false,"excerpt":false},"fr":{"title":false,"content":false,"excerpt":false}}},"yoast_head":"<!-- This site is optimized with the Yoast SEO plugin v23.5 - https:\/\/yoast.com\/wordpress\/plugins\/seo\/ -->\n<title>Ericson Suprem Pack - Lifting Serum y Crema Super Power E739 +E 1413 | Sole Centro de Imagen<\/title>\n<meta name=\"robots\" content=\"index, follow, max-snippet:-1, max-image-preview:large, max-video-preview:-1\" \/>\n<link rel=\"canonical\" href=\"https:\/\/solecentrodeimagen.com\/producto\/lifting-serum-super-power-y-maximum-crema-pack-e739-e-1413\/\" \/>\n<meta property=\"og:locale\" content=\"fr_FR\" \/>\n<meta property=\"og:type\" content=\"article\" \/>\n<meta property=\"og:title\" content=\"Ericson Suprem Pack - Lifting Serum y Crema Super Power E739 +E 1413 | Sole Centro de Imagen\" \/>\n<meta property=\"og:url\" content=\"https:\/\/solecentrodeimagen.com\/producto\/lifting-serum-super-power-y-maximum-crema-pack-e739-e-1413\/\" \/>\n<meta property=\"og:site_name\" content=\"Sole Centro de Imagen\" \/>\n<meta property=\"article:publisher\" content=\"http:\/\/www.facebook.com\/solecentrodeimagen\" \/>\n<meta property=\"article:modified_time\" content=\"2025-10-14T18:10:40+00:00\" \/>\n<meta property=\"og:image\" content=\"https:\/\/solecentrodeimagen.com\/wp-content\/uploads\/2020\/04\/PACK-SUPREME.png\" \/>\n\t<meta property=\"og:image:width\" content=\"600\" \/>\n\t<meta property=\"og:image:height\" content=\"600\" \/>\n\t<meta property=\"og:image:type\" content=\"image\/png\" \/>\n<meta name=\"twitter:card\" content=\"summary_large_image\" \/>\n<meta name=\"twitter:label1\" content=\"Est. reading time\" \/>\n\t<meta name=\"twitter:data1\" content=\"1 minute\" \/>\n<script type=\"application\/ld+json\" class=\"yoast-schema-graph\">{\"@context\":\"https:\/\/schema.org\",\"@graph\":[{\"@type\":\"WebPage\",\"@id\":\"https:\/\/solecentrodeimagen.com\/producto\/lifting-serum-super-power-y-maximum-crema-pack-e739-e-1413\/\",\"url\":\"https:\/\/solecentrodeimagen.com\/producto\/lifting-serum-super-power-y-maximum-crema-pack-e739-e-1413\/\",\"name\":\"Ericson Suprem Pack - Lifting Serum y Crema Super Power E739 +E 1413 | Sole Centro de Imagen\",\"isPartOf\":{\"@id\":\"https:\/\/solecentrodeimagen.com\/#website\"},\"primaryImageOfPage\":{\"@id\":\"https:\/\/solecentrodeimagen.com\/producto\/lifting-serum-super-power-y-maximum-crema-pack-e739-e-1413\/#primaryimage\"},\"image\":{\"@id\":\"https:\/\/solecentrodeimagen.com\/producto\/lifting-serum-super-power-y-maximum-crema-pack-e739-e-1413\/#primaryimage\"},\"thumbnailUrl\":\"https:\/\/solecentrodeimagen.com\/wp-content\/uploads\/2020\/04\/PACK-SUPREME.png\",\"datePublished\":\"2020-04-16T05:19:38+00:00\",\"dateModified\":\"2025-10-14T18:10:40+00:00\",\"breadcrumb\":{\"@id\":\"https:\/\/solecentrodeimagen.com\/producto\/lifting-serum-super-power-y-maximum-crema-pack-e739-e-1413\/#breadcrumb\"},\"inLanguage\":\"fr-FR\",\"potentialAction\":[{\"@type\":\"ReadAction\",\"target\":[\"https:\/\/solecentrodeimagen.com\/producto\/lifting-serum-super-power-y-maximum-crema-pack-e739-e-1413\/\"]}]},{\"@type\":\"ImageObject\",\"inLanguage\":\"fr-FR\",\"@id\":\"https:\/\/solecentrodeimagen.com\/producto\/lifting-serum-super-power-y-maximum-crema-pack-e739-e-1413\/#primaryimage\",\"url\":\"https:\/\/solecentrodeimagen.com\/wp-content\/uploads\/2020\/04\/PACK-SUPREME.png\",\"contentUrl\":\"https:\/\/solecentrodeimagen.com\/wp-content\/uploads\/2020\/04\/PACK-SUPREME.png\",\"width\":600,\"height\":600},{\"@type\":\"BreadcrumbList\",\"@id\":\"https:\/\/solecentrodeimagen.com\/producto\/lifting-serum-super-power-y-maximum-crema-pack-e739-e-1413\/#breadcrumb\",\"itemListElement\":[{\"@type\":\"ListItem\",\"position\":1,\"name\":\"Home\",\"item\":\"https:\/\/solecentrodeimagen.com\/\"},{\"@type\":\"ListItem\",\"position\":2,\"name\":\"Tienda\",\"item\":\"https:\/\/solecentrodeimagen.com\/tienda\/\"},{\"@type\":\"ListItem\",\"position\":3,\"name\":\"Ericson Suprem Pack &#8211; Lifting Serum y Crema Super Power E739 +E 1413\"}]},{\"@type\":\"WebSite\",\"@id\":\"https:\/\/solecentrodeimagen.com\/#website\",\"url\":\"https:\/\/solecentrodeimagen.com\/\",\"name\":\"Sole Centro de Imagen\",\"description\":\"Centro Medicina Est\u00e9tica, Dermatolog\u00eda y Est\u00e9tica avanzada\",\"publisher\":{\"@id\":\"https:\/\/solecentrodeimagen.com\/#organization\"},\"potentialAction\":[{\"@type\":\"SearchAction\",\"target\":{\"@type\":\"EntryPoint\",\"urlTemplate\":\"https:\/\/solecentrodeimagen.com\/?s={search_term_string}\"},\"query-input\":{\"@type\":\"PropertyValueSpecification\",\"valueRequired\":true,\"valueName\":\"search_term_string\"}}],\"inLanguage\":\"fr-FR\"},{\"@type\":\"Organization\",\"@id\":\"https:\/\/solecentrodeimagen.com\/#organization\",\"name\":\"Sole Centro de Imagen Integral\",\"url\":\"https:\/\/solecentrodeimagen.com\/\",\"logo\":{\"@type\":\"ImageObject\",\"inLanguage\":\"fr-FR\",\"@id\":\"https:\/\/solecentrodeimagen.com\/#\/schema\/logo\/image\/\",\"url\":\"https:\/\/solecentrodeimagen.com\/wp-content\/uploads\/2016\/06\/logo-solecentromedico.png\",\"contentUrl\":\"https:\/\/solecentrodeimagen.com\/wp-content\/uploads\/2016\/06\/logo-solecentromedico.png\",\"width\":281,\"height\":96,\"caption\":\"Sole Centro de Imagen Integral\"},\"image\":{\"@id\":\"https:\/\/solecentrodeimagen.com\/#\/schema\/logo\/image\/\"},\"sameAs\":[\"http:\/\/www.facebook.com\/solecentrodeimagen\",\"http:\/\/www.instagram.com\/solecentrodeimagen\"]}]}<\/script>\n<!-- \/ Yoast SEO plugin. -->","yoast_head_json":{"title":"Ericson Suprem Pack - Lifting Serum y Crema Super Power E739 +E 1413 | Sole Centro de Imagen","robots":{"index":"index","follow":"follow","max-snippet":"max-snippet:-1","max-image-preview":"max-image-preview:large","max-video-preview":"max-video-preview:-1"},"canonical":"https:\/\/solecentrodeimagen.com\/producto\/lifting-serum-super-power-y-maximum-crema-pack-e739-e-1413\/","og_locale":"fr_FR","og_type":"article","og_title":"Ericson Suprem Pack - Lifting Serum y Crema Super Power E739 +E 1413 | Sole Centro de Imagen","og_url":"https:\/\/solecentrodeimagen.com\/producto\/lifting-serum-super-power-y-maximum-crema-pack-e739-e-1413\/","og_site_name":"Sole Centro de Imagen","article_publisher":"http:\/\/www.facebook.com\/solecentrodeimagen","article_modified_time":"2025-10-14T18:10:40+00:00","og_image":[{"width":600,"height":600,"url":"https:\/\/solecentrodeimagen.com\/wp-content\/uploads\/2020\/04\/PACK-SUPREME.png","type":"image\/png"}],"twitter_card":"summary_large_image","twitter_misc":{"Est. reading time":"1 minute"},"schema":{"@context":"https:\/\/schema.org","@graph":[{"@type":"WebPage","@id":"https:\/\/solecentrodeimagen.com\/producto\/lifting-serum-super-power-y-maximum-crema-pack-e739-e-1413\/","url":"https:\/\/solecentrodeimagen.com\/producto\/lifting-serum-super-power-y-maximum-crema-pack-e739-e-1413\/","name":"Ericson Suprem Pack - Lifting Serum y Crema Super Power E739 +E 1413 | Sole Centro de Imagen","isPartOf":{"@id":"https:\/\/solecentrodeimagen.com\/#website"},"primaryImageOfPage":{"@id":"https:\/\/solecentrodeimagen.com\/producto\/lifting-serum-super-power-y-maximum-crema-pack-e739-e-1413\/#primaryimage"},"image":{"@id":"https:\/\/solecentrodeimagen.com\/producto\/lifting-serum-super-power-y-maximum-crema-pack-e739-e-1413\/#primaryimage"},"thumbnailUrl":"https:\/\/solecentrodeimagen.com\/wp-content\/uploads\/2020\/04\/PACK-SUPREME.png","datePublished":"2020-04-16T05:19:38+00:00","dateModified":"2025-10-14T18:10:40+00:00","breadcrumb":{"@id":"https:\/\/solecentrodeimagen.com\/producto\/lifting-serum-super-power-y-maximum-crema-pack-e739-e-1413\/#breadcrumb"},"inLanguage":"fr-FR","potentialAction":[{"@type":"ReadAction","target":["https:\/\/solecentrodeimagen.com\/producto\/lifting-serum-super-power-y-maximum-crema-pack-e739-e-1413\/"]}]},{"@type":"ImageObject","inLanguage":"fr-FR","@id":"https:\/\/solecentrodeimagen.com\/producto\/lifting-serum-super-power-y-maximum-crema-pack-e739-e-1413\/#primaryimage","url":"https:\/\/solecentrodeimagen.com\/wp-content\/uploads\/2020\/04\/PACK-SUPREME.png","contentUrl":"https:\/\/solecentrodeimagen.com\/wp-content\/uploads\/2020\/04\/PACK-SUPREME.png","width":600,"height":600},{"@type":"BreadcrumbList","@id":"https:\/\/solecentrodeimagen.com\/producto\/lifting-serum-super-power-y-maximum-crema-pack-e739-e-1413\/#breadcrumb","itemListElement":[{"@type":"ListItem","position":1,"name":"Home","item":"https:\/\/solecentrodeimagen.com\/"},{"@type":"ListItem","position":2,"name":"Tienda","item":"https:\/\/solecentrodeimagen.com\/tienda\/"},{"@type":"ListItem","position":3,"name":"Ericson Suprem Pack &#8211; Lifting Serum y Crema Super Power E739 +E 1413"}]},{"@type":"WebSite","@id":"https:\/\/solecentrodeimagen.com\/#website","url":"https:\/\/solecentrodeimagen.com\/","name":"Sole Centro de Imagen","description":"Centro Medicina Est\u00e9tica, Dermatolog\u00eda y Est\u00e9tica avanzada","publisher":{"@id":"https:\/\/solecentrodeimagen.com\/#organization"},"potentialAction":[{"@type":"SearchAction","target":{"@type":"EntryPoint","urlTemplate":"https:\/\/solecentrodeimagen.com\/?s={search_term_string}"},"query-input":{"@type":"PropertyValueSpecification","valueRequired":true,"valueName":"search_term_string"}}],"inLanguage":"fr-FR"},{"@type":"Organization","@id":"https:\/\/solecentrodeimagen.com\/#organization","name":"Sole Centro de Imagen Integral","url":"https:\/\/solecentrodeimagen.com\/","logo":{"@type":"ImageObject","inLanguage":"fr-FR","@id":"https:\/\/solecentrodeimagen.com\/#\/schema\/logo\/image\/","url":"https:\/\/solecentrodeimagen.com\/wp-content\/uploads\/2016\/06\/logo-solecentromedico.png","contentUrl":"https:\/\/solecentrodeimagen.com\/wp-content\/uploads\/2016\/06\/logo-solecentromedico.png","width":281,"height":96,"caption":"Sole Centro de Imagen Integral"},"image":{"@id":"https:\/\/solecentrodeimagen.com\/#\/schema\/logo\/image\/"},"sameAs":["http:\/\/www.facebook.com\/solecentrodeimagen","http:\/\/www.instagram.com\/solecentrodeimagen"]}]}},"_links":{"self":[{"href":"https:\/\/solecentrodeimagen.com\/fr\/wp-json\/wp\/v2\/product\/20320"}],"collection":[{"href":"https:\/\/solecentrodeimagen.com\/fr\/wp-json\/wp\/v2\/product"}],"about":[{"href":"https:\/\/solecentrodeimagen.com\/fr\/wp-json\/wp\/v2\/types\/product"}],"replies":[{"embeddable":true,"href":"https:\/\/solecentrodeimagen.com\/fr\/wp-json\/wp\/v2\/comments?post=20320"}],"wp:featuredmedia":[{"embeddable":true,"href":"https:\/\/solecentrodeimagen.com\/fr\/wp-json\/wp\/v2\/media\/21317"}],"wp:attachment":[{"href":"https:\/\/solecentrodeimagen.com\/fr\/wp-json\/wp\/v2\/media?parent=20320"}],"wp:term":[{"taxonomy":"product_cat","embeddable":true,"href":"https:\/\/solecentrodeimagen.com\/fr\/wp-json\/wp\/v2\/product_cat?post=20320"},{"taxonomy":"product_tag","embeddable":true,"href":"https:\/\/solecentrodeimagen.com\/fr\/wp-json\/wp\/v2\/product_tag?post=20320"}],"curies":[{"name":"wp","href":"https:\/\/api.w.org\/{rel}","templated":true}]}}