{"id":20329,"date":"2020-04-16T11:02:11","date_gmt":"2020-04-16T09:02:11","guid":{"rendered":"https:\/\/solecentrodeimagen.com\/?post_type=product&#038;p=20329"},"modified":"2023-11-01T16:35:20","modified_gmt":"2023-11-01T15:35:20","slug":"instan-beauty-mask-50-ml","status":"publish","type":"product","link":"https:\/\/solecentrodeimagen.com\/fr\/producto\/instan-beauty-mask-50-ml\/","title":{"rendered":"Ericson Slim Lift Instant Beauty Mask 50 ML"},"content":{"rendered":"<p>Mascarilla re estructurante, regeneradora y reafirmante<\/p>\n<p>Funcion:<\/p>\n<p>Reducir los c\u00famulos de grasa para remarcar el \u00f3valo facial. La mascarilla instant beauty est\u00e1 adaptada para el tratamiento de los vol\u00famenes grasos que migran por la cara, la piel fl\u00e1cida en las mejillas y la papada.<br \/>\nEl objetivo es tratar la flacidez y la flacidez de las diferentes \u00e1reas de la cara y reposicionando los vol\u00famenes.\u00a0Las \u00e1reas tratadas son:<br \/>\n\u2022 El p\u00f3mulo,<br \/>\n\u2022 Las papadas,<br \/>\n\u2022 El \u00f3valo de la cara.<\/p>\n<p>Activos:<\/p>\n<p>Matrixyl synth\u00b46 estimula la formaci\u00f3n de col\u00e1geno<\/p>\n<p>Magnesio y sulfato de calcio facilita la absorci\u00f3n de activos<\/p>\n<p>Hydrofiltrat menyanthes regenerador celular<\/p>\n<p>Sveltonyl potente lipol\u00edtico<\/p>\n<p>Modo de uso:<\/p>\n<p>Despu\u00e9s de la limpieza diaria con la leche y el t\u00f3nico, se recomienda poner una vez en semana, aplicar por toda la cara, cuello y escote. La frecuencia puede aumentar en los casos de mucho envejecimiento.<\/p>\n<p>&nbsp;<\/p>\n","protected":false},"excerpt":{"rendered":"<p>Mascarilla re estructurante, regeneradora y reafirmante.<\/p>\n<p>Reducir los c\u00famulos de grasa para remarcar el \u00f3valo facial. La mascarilla instant beauty est\u00e1 adaptada para el tratamiento de los vol\u00famenes grasos que migran por la cara, la piel fl\u00e1cida en las mejillas y la papada.<br \/>\nEl objetivo es tratar la flacidez y la flacidez de las diferentes \u00e1reas de la cara y reposicionando los vol\u00famenes.\u00a0Las \u00e1reas tratadas son:<br \/>\n\u2022 El p\u00f3mulo,<br \/>\n\u2022 Las papadas,<br \/>\n\u2022 El \u00f3valo de la cara.<\/p>\n<p>Modo de uso:<\/p>\n<p>Despu\u00e9s de la limpieza diaria con la leche y el t\u00f3nico, se recomienda poner una vez en semana, aplicar por toda la cara, cuello y escote. La frecuencia puede aumentar en los casos de mucho envejecimiento.<\/p>\n","protected":false},"featured_media":21311,"comment_status":"open","ping_status":"closed","template":"","meta":[],"product_cat":[183],"product_tag":[],"class_list":{"0":"post-20329","1":"product","2":"type-product","3":"status-publish","4":"has-post-thumbnail","6":"product_cat-ericson","8":"first","9":"instock","10":"taxable","11":"shipping-taxable","12":"purchasable","13":"product-type-simple"},"translation":{"provider":"WPGlobus","version":"3.0.0","language":"fr","enabled_languages":["es","en","fr"],"languages":{"es":{"title":true,"content":true,"excerpt":true},"en":{"title":false,"content":false,"excerpt":false},"fr":{"title":false,"content":false,"excerpt":false}}},"yoast_head":"<!-- This site is optimized with the Yoast SEO plugin v23.5 - https:\/\/yoast.com\/wordpress\/plugins\/seo\/ -->\n<title>Ericson Slim Lift Instant Beauty Mask 50 ML | Sole Centro de Imagen<\/title>\n<meta name=\"robots\" content=\"index, follow, max-snippet:-1, max-image-preview:large, max-video-preview:-1\" \/>\n<link rel=\"canonical\" href=\"https:\/\/solecentrodeimagen.com\/producto\/instan-beauty-mask-50-ml\/\" \/>\n<meta property=\"og:locale\" content=\"fr_FR\" \/>\n<meta property=\"og:type\" content=\"article\" \/>\n<meta property=\"og:title\" content=\"Ericson Slim Lift Instant Beauty Mask 50 ML | Sole Centro de Imagen\" \/>\n<meta property=\"og:url\" content=\"https:\/\/solecentrodeimagen.com\/producto\/instan-beauty-mask-50-ml\/\" \/>\n<meta property=\"og:site_name\" content=\"Sole Centro de Imagen\" \/>\n<meta property=\"article:publisher\" content=\"http:\/\/www.facebook.com\/solecentrodeimagen\" \/>\n<meta property=\"article:modified_time\" content=\"2023-11-01T15:35:20+00:00\" \/>\n<meta property=\"og:image\" content=\"https:\/\/solecentrodeimagen.com\/wp-content\/uploads\/2020\/04\/ENERGY-LIFT-INSTANT-BEAUTY.png\" \/>\n\t<meta property=\"og:image:width\" content=\"600\" \/>\n\t<meta property=\"og:image:height\" content=\"600\" \/>\n\t<meta property=\"og:image:type\" content=\"image\/png\" \/>\n<meta name=\"twitter:card\" content=\"summary_large_image\" \/>\n<meta name=\"twitter:label1\" content=\"Est. reading time\" \/>\n\t<meta name=\"twitter:data1\" content=\"1 minute\" \/>\n<script type=\"application\/ld+json\" class=\"yoast-schema-graph\">{\"@context\":\"https:\/\/schema.org\",\"@graph\":[{\"@type\":\"WebPage\",\"@id\":\"https:\/\/solecentrodeimagen.com\/producto\/instan-beauty-mask-50-ml\/\",\"url\":\"https:\/\/solecentrodeimagen.com\/producto\/instan-beauty-mask-50-ml\/\",\"name\":\"Ericson Slim Lift Instant Beauty Mask 50 ML | Sole Centro de Imagen\",\"isPartOf\":{\"@id\":\"https:\/\/solecentrodeimagen.com\/#website\"},\"primaryImageOfPage\":{\"@id\":\"https:\/\/solecentrodeimagen.com\/producto\/instan-beauty-mask-50-ml\/#primaryimage\"},\"image\":{\"@id\":\"https:\/\/solecentrodeimagen.com\/producto\/instan-beauty-mask-50-ml\/#primaryimage\"},\"thumbnailUrl\":\"https:\/\/solecentrodeimagen.com\/wp-content\/uploads\/2020\/04\/ENERGY-LIFT-INSTANT-BEAUTY.png\",\"datePublished\":\"2020-04-16T09:02:11+00:00\",\"dateModified\":\"2023-11-01T15:35:20+00:00\",\"breadcrumb\":{\"@id\":\"https:\/\/solecentrodeimagen.com\/producto\/instan-beauty-mask-50-ml\/#breadcrumb\"},\"inLanguage\":\"fr-FR\",\"potentialAction\":[{\"@type\":\"ReadAction\",\"target\":[\"https:\/\/solecentrodeimagen.com\/producto\/instan-beauty-mask-50-ml\/\"]}]},{\"@type\":\"ImageObject\",\"inLanguage\":\"fr-FR\",\"@id\":\"https:\/\/solecentrodeimagen.com\/producto\/instan-beauty-mask-50-ml\/#primaryimage\",\"url\":\"https:\/\/solecentrodeimagen.com\/wp-content\/uploads\/2020\/04\/ENERGY-LIFT-INSTANT-BEAUTY.png\",\"contentUrl\":\"https:\/\/solecentrodeimagen.com\/wp-content\/uploads\/2020\/04\/ENERGY-LIFT-INSTANT-BEAUTY.png\",\"width\":600,\"height\":600},{\"@type\":\"BreadcrumbList\",\"@id\":\"https:\/\/solecentrodeimagen.com\/producto\/instan-beauty-mask-50-ml\/#breadcrumb\",\"itemListElement\":[{\"@type\":\"ListItem\",\"position\":1,\"name\":\"Home\",\"item\":\"https:\/\/solecentrodeimagen.com\/\"},{\"@type\":\"ListItem\",\"position\":2,\"name\":\"Tienda\",\"item\":\"https:\/\/solecentrodeimagen.com\/tienda\/\"},{\"@type\":\"ListItem\",\"position\":3,\"name\":\"Ericson Slim Lift Instant Beauty Mask 50 ML\"}]},{\"@type\":\"WebSite\",\"@id\":\"https:\/\/solecentrodeimagen.com\/#website\",\"url\":\"https:\/\/solecentrodeimagen.com\/\",\"name\":\"Sole Centro de Imagen\",\"description\":\"Centro Medicina Est\u00e9tica, Dermatolog\u00eda y Est\u00e9tica avanzada\",\"publisher\":{\"@id\":\"https:\/\/solecentrodeimagen.com\/#organization\"},\"potentialAction\":[{\"@type\":\"SearchAction\",\"target\":{\"@type\":\"EntryPoint\",\"urlTemplate\":\"https:\/\/solecentrodeimagen.com\/?s={search_term_string}\"},\"query-input\":{\"@type\":\"PropertyValueSpecification\",\"valueRequired\":true,\"valueName\":\"search_term_string\"}}],\"inLanguage\":\"fr-FR\"},{\"@type\":\"Organization\",\"@id\":\"https:\/\/solecentrodeimagen.com\/#organization\",\"name\":\"Sole Centro de Imagen Integral\",\"url\":\"https:\/\/solecentrodeimagen.com\/\",\"logo\":{\"@type\":\"ImageObject\",\"inLanguage\":\"fr-FR\",\"@id\":\"https:\/\/solecentrodeimagen.com\/#\/schema\/logo\/image\/\",\"url\":\"https:\/\/solecentrodeimagen.com\/wp-content\/uploads\/2016\/06\/logo-solecentromedico.png\",\"contentUrl\":\"https:\/\/solecentrodeimagen.com\/wp-content\/uploads\/2016\/06\/logo-solecentromedico.png\",\"width\":281,\"height\":96,\"caption\":\"Sole Centro de Imagen Integral\"},\"image\":{\"@id\":\"https:\/\/solecentrodeimagen.com\/#\/schema\/logo\/image\/\"},\"sameAs\":[\"http:\/\/www.facebook.com\/solecentrodeimagen\",\"http:\/\/www.instagram.com\/solecentrodeimagen\"]}]}<\/script>\n<!-- \/ Yoast SEO plugin. -->","yoast_head_json":{"title":"Ericson Slim Lift Instant Beauty Mask 50 ML | Sole Centro de Imagen","robots":{"index":"index","follow":"follow","max-snippet":"max-snippet:-1","max-image-preview":"max-image-preview:large","max-video-preview":"max-video-preview:-1"},"canonical":"https:\/\/solecentrodeimagen.com\/producto\/instan-beauty-mask-50-ml\/","og_locale":"fr_FR","og_type":"article","og_title":"Ericson Slim Lift Instant Beauty Mask 50 ML | Sole Centro de Imagen","og_url":"https:\/\/solecentrodeimagen.com\/producto\/instan-beauty-mask-50-ml\/","og_site_name":"Sole Centro de Imagen","article_publisher":"http:\/\/www.facebook.com\/solecentrodeimagen","article_modified_time":"2023-11-01T15:35:20+00:00","og_image":[{"width":600,"height":600,"url":"https:\/\/solecentrodeimagen.com\/wp-content\/uploads\/2020\/04\/ENERGY-LIFT-INSTANT-BEAUTY.png","type":"image\/png"}],"twitter_card":"summary_large_image","twitter_misc":{"Est. reading time":"1 minute"},"schema":{"@context":"https:\/\/schema.org","@graph":[{"@type":"WebPage","@id":"https:\/\/solecentrodeimagen.com\/producto\/instan-beauty-mask-50-ml\/","url":"https:\/\/solecentrodeimagen.com\/producto\/instan-beauty-mask-50-ml\/","name":"Ericson Slim Lift Instant Beauty Mask 50 ML | Sole Centro de Imagen","isPartOf":{"@id":"https:\/\/solecentrodeimagen.com\/#website"},"primaryImageOfPage":{"@id":"https:\/\/solecentrodeimagen.com\/producto\/instan-beauty-mask-50-ml\/#primaryimage"},"image":{"@id":"https:\/\/solecentrodeimagen.com\/producto\/instan-beauty-mask-50-ml\/#primaryimage"},"thumbnailUrl":"https:\/\/solecentrodeimagen.com\/wp-content\/uploads\/2020\/04\/ENERGY-LIFT-INSTANT-BEAUTY.png","datePublished":"2020-04-16T09:02:11+00:00","dateModified":"2023-11-01T15:35:20+00:00","breadcrumb":{"@id":"https:\/\/solecentrodeimagen.com\/producto\/instan-beauty-mask-50-ml\/#breadcrumb"},"inLanguage":"fr-FR","potentialAction":[{"@type":"ReadAction","target":["https:\/\/solecentrodeimagen.com\/producto\/instan-beauty-mask-50-ml\/"]}]},{"@type":"ImageObject","inLanguage":"fr-FR","@id":"https:\/\/solecentrodeimagen.com\/producto\/instan-beauty-mask-50-ml\/#primaryimage","url":"https:\/\/solecentrodeimagen.com\/wp-content\/uploads\/2020\/04\/ENERGY-LIFT-INSTANT-BEAUTY.png","contentUrl":"https:\/\/solecentrodeimagen.com\/wp-content\/uploads\/2020\/04\/ENERGY-LIFT-INSTANT-BEAUTY.png","width":600,"height":600},{"@type":"BreadcrumbList","@id":"https:\/\/solecentrodeimagen.com\/producto\/instan-beauty-mask-50-ml\/#breadcrumb","itemListElement":[{"@type":"ListItem","position":1,"name":"Home","item":"https:\/\/solecentrodeimagen.com\/"},{"@type":"ListItem","position":2,"name":"Tienda","item":"https:\/\/solecentrodeimagen.com\/tienda\/"},{"@type":"ListItem","position":3,"name":"Ericson Slim Lift Instant Beauty Mask 50 ML"}]},{"@type":"WebSite","@id":"https:\/\/solecentrodeimagen.com\/#website","url":"https:\/\/solecentrodeimagen.com\/","name":"Sole Centro de Imagen","description":"Centro Medicina Est\u00e9tica, Dermatolog\u00eda y Est\u00e9tica avanzada","publisher":{"@id":"https:\/\/solecentrodeimagen.com\/#organization"},"potentialAction":[{"@type":"SearchAction","target":{"@type":"EntryPoint","urlTemplate":"https:\/\/solecentrodeimagen.com\/?s={search_term_string}"},"query-input":{"@type":"PropertyValueSpecification","valueRequired":true,"valueName":"search_term_string"}}],"inLanguage":"fr-FR"},{"@type":"Organization","@id":"https:\/\/solecentrodeimagen.com\/#organization","name":"Sole Centro de Imagen Integral","url":"https:\/\/solecentrodeimagen.com\/","logo":{"@type":"ImageObject","inLanguage":"fr-FR","@id":"https:\/\/solecentrodeimagen.com\/#\/schema\/logo\/image\/","url":"https:\/\/solecentrodeimagen.com\/wp-content\/uploads\/2016\/06\/logo-solecentromedico.png","contentUrl":"https:\/\/solecentrodeimagen.com\/wp-content\/uploads\/2016\/06\/logo-solecentromedico.png","width":281,"height":96,"caption":"Sole Centro de Imagen Integral"},"image":{"@id":"https:\/\/solecentrodeimagen.com\/#\/schema\/logo\/image\/"},"sameAs":["http:\/\/www.facebook.com\/solecentrodeimagen","http:\/\/www.instagram.com\/solecentrodeimagen"]}]}},"_links":{"self":[{"href":"https:\/\/solecentrodeimagen.com\/fr\/wp-json\/wp\/v2\/product\/20329"}],"collection":[{"href":"https:\/\/solecentrodeimagen.com\/fr\/wp-json\/wp\/v2\/product"}],"about":[{"href":"https:\/\/solecentrodeimagen.com\/fr\/wp-json\/wp\/v2\/types\/product"}],"replies":[{"embeddable":true,"href":"https:\/\/solecentrodeimagen.com\/fr\/wp-json\/wp\/v2\/comments?post=20329"}],"wp:featuredmedia":[{"embeddable":true,"href":"https:\/\/solecentrodeimagen.com\/fr\/wp-json\/wp\/v2\/media\/21311"}],"wp:attachment":[{"href":"https:\/\/solecentrodeimagen.com\/fr\/wp-json\/wp\/v2\/media?parent=20329"}],"wp:term":[{"taxonomy":"product_cat","embeddable":true,"href":"https:\/\/solecentrodeimagen.com\/fr\/wp-json\/wp\/v2\/product_cat?post=20329"},{"taxonomy":"product_tag","embeddable":true,"href":"https:\/\/solecentrodeimagen.com\/fr\/wp-json\/wp\/v2\/product_tag?post=20329"}],"curies":[{"name":"wp","href":"https:\/\/api.w.org\/{rel}","templated":true}]}}