{"id":20390,"date":"2020-04-17T08:25:18","date_gmt":"2020-04-17T06:25:18","guid":{"rendered":"https:\/\/solecentrodeimagen.com\/?post_type=product&#038;p=20390"},"modified":"2025-01-27T15:59:09","modified_gmt":"2025-01-27T14:59:09","slug":"vita-hidrating-oil-capsules-30-caps","status":"publish","type":"product","link":"https:\/\/solecentrodeimagen.com\/fr\/producto\/vita-hidrating-oil-capsules-30-caps\/","title":{"rendered":"Focus Care Moisture+ Vita-Antioxidant Hydrating Oil Capsules 30 unidades"},"content":{"rendered":"<p><strong>Focus Care Moisture+ Vita-Antioxidant Hydrating Oil Capsules<\/strong> son un tratamiento intensivo dise\u00f1ado para revitalizar la piel seca, deshidratada o madura. Cada c\u00e1psula contiene una combinaci\u00f3n eficaz de vitaminas A (en niveles bajos), C y E, junto con antioxidantes como el t\u00e9 verde y el extracto de hoja de romero, que trabajan en sinergia para hidratar, nutrir y proteger la piel de los factores ambientales estresantes.<\/p>\n<p>Esta f\u00f3rmula \u00fanica promueve una tez m\u00e1s joven, suave y radiante al mejorar las propiedades hidratantes y nutritivas de la piel. Ideal para quienes buscan un tratamiento lujoso que restaure la hidrataci\u00f3n, revitalice y fortalezca la barrera cut\u00e1nea.<\/p>\n","protected":false},"excerpt":{"rendered":"<p>Esras c\u00e1psulas ofrecen un tratamiento hidratante lujoso y potente que nutre intensamente la piel seca, deshidratada o madura, proporcionando un impulso de hidrataci\u00f3n y protecci\u00f3n antioxidante.<\/p>\n","protected":false},"featured_media":22955,"comment_status":"open","ping_status":"closed","template":"","meta":[],"product_cat":[335,178,379,344],"product_tag":[339],"class_list":{"0":"post-20390","1":"product","2":"type-product","3":"status-publish","4":"has-post-thumbnail","6":"product_cat-facial","7":"product_cat-environ","8":"product_cat-environ-focus-care-moisture","9":"product_cat-serums","10":"product_tag-seco-deshidratado","12":"first","13":"instock","14":"sale","15":"taxable","16":"shipping-taxable","17":"purchasable","18":"product-type-simple"},"translation":{"provider":"WPGlobus","version":"3.0.0","language":"fr","enabled_languages":["es","en","fr"],"languages":{"es":{"title":true,"content":true,"excerpt":true},"en":{"title":false,"content":false,"excerpt":false},"fr":{"title":false,"content":false,"excerpt":false}}},"yoast_head":"<!-- This site is optimized with the Yoast SEO plugin v23.5 - https:\/\/yoast.com\/wordpress\/plugins\/seo\/ -->\n<title>Focus Care Moisture+ Vita-Antioxidant Hydrating Oil Capsules 30 unidades | Sole Centro de Imagen<\/title>\n<meta name=\"robots\" content=\"index, follow, max-snippet:-1, max-image-preview:large, max-video-preview:-1\" \/>\n<link rel=\"canonical\" href=\"https:\/\/solecentrodeimagen.com\/producto\/vita-hidrating-oil-capsules-30-caps\/\" \/>\n<meta property=\"og:locale\" content=\"fr_FR\" \/>\n<meta property=\"og:type\" content=\"article\" \/>\n<meta property=\"og:title\" content=\"Focus Care Moisture+ Vita-Antioxidant Hydrating Oil Capsules 30 unidades | Sole Centro de Imagen\" \/>\n<meta property=\"og:url\" content=\"https:\/\/solecentrodeimagen.com\/producto\/vita-hidrating-oil-capsules-30-caps\/\" \/>\n<meta property=\"og:site_name\" content=\"Sole Centro de Imagen\" \/>\n<meta property=\"article:publisher\" content=\"http:\/\/www.facebook.com\/solecentrodeimagen\" \/>\n<meta property=\"article:modified_time\" content=\"2025-01-27T14:59:09+00:00\" \/>\n<meta property=\"og:image\" content=\"https:\/\/solecentrodeimagen.com\/wp-content\/uploads\/2025\/01\/Environ-Focus-Care-Moisture-Vita-Anioxidant-Hydrating-Oil-Capsules.webp\" \/>\n\t<meta property=\"og:image:width\" content=\"823\" \/>\n\t<meta property=\"og:image:height\" content=\"823\" \/>\n\t<meta property=\"og:image:type\" content=\"image\/webp\" \/>\n<meta name=\"twitter:card\" content=\"summary_large_image\" \/>\n<meta name=\"twitter:label1\" content=\"Est. reading time\" \/>\n\t<meta name=\"twitter:data1\" content=\"1 minute\" \/>\n<script type=\"application\/ld+json\" class=\"yoast-schema-graph\">{\"@context\":\"https:\/\/schema.org\",\"@graph\":[{\"@type\":\"WebPage\",\"@id\":\"https:\/\/solecentrodeimagen.com\/producto\/vita-hidrating-oil-capsules-30-caps\/\",\"url\":\"https:\/\/solecentrodeimagen.com\/producto\/vita-hidrating-oil-capsules-30-caps\/\",\"name\":\"Focus Care Moisture+ Vita-Antioxidant Hydrating Oil Capsules 30 unidades | Sole Centro de Imagen\",\"isPartOf\":{\"@id\":\"https:\/\/solecentrodeimagen.com\/#website\"},\"primaryImageOfPage\":{\"@id\":\"https:\/\/solecentrodeimagen.com\/producto\/vita-hidrating-oil-capsules-30-caps\/#primaryimage\"},\"image\":{\"@id\":\"https:\/\/solecentrodeimagen.com\/producto\/vita-hidrating-oil-capsules-30-caps\/#primaryimage\"},\"thumbnailUrl\":\"https:\/\/solecentrodeimagen.com\/wp-content\/uploads\/2025\/01\/Environ-Focus-Care-Moisture-Vita-Anioxidant-Hydrating-Oil-Capsules.webp\",\"datePublished\":\"2020-04-17T06:25:18+00:00\",\"dateModified\":\"2025-01-27T14:59:09+00:00\",\"breadcrumb\":{\"@id\":\"https:\/\/solecentrodeimagen.com\/producto\/vita-hidrating-oil-capsules-30-caps\/#breadcrumb\"},\"inLanguage\":\"fr-FR\",\"potentialAction\":[{\"@type\":\"ReadAction\",\"target\":[\"https:\/\/solecentrodeimagen.com\/producto\/vita-hidrating-oil-capsules-30-caps\/\"]}]},{\"@type\":\"ImageObject\",\"inLanguage\":\"fr-FR\",\"@id\":\"https:\/\/solecentrodeimagen.com\/producto\/vita-hidrating-oil-capsules-30-caps\/#primaryimage\",\"url\":\"https:\/\/solecentrodeimagen.com\/wp-content\/uploads\/2025\/01\/Environ-Focus-Care-Moisture-Vita-Anioxidant-Hydrating-Oil-Capsules.webp\",\"contentUrl\":\"https:\/\/solecentrodeimagen.com\/wp-content\/uploads\/2025\/01\/Environ-Focus-Care-Moisture-Vita-Anioxidant-Hydrating-Oil-Capsules.webp\",\"width\":823,\"height\":823},{\"@type\":\"BreadcrumbList\",\"@id\":\"https:\/\/solecentrodeimagen.com\/producto\/vita-hidrating-oil-capsules-30-caps\/#breadcrumb\",\"itemListElement\":[{\"@type\":\"ListItem\",\"position\":1,\"name\":\"Home\",\"item\":\"https:\/\/solecentrodeimagen.com\/\"},{\"@type\":\"ListItem\",\"position\":2,\"name\":\"Tienda\",\"item\":\"https:\/\/solecentrodeimagen.com\/tienda\/\"},{\"@type\":\"ListItem\",\"position\":3,\"name\":\"Focus Care Moisture+ Vita-Antioxidant Hydrating Oil Capsules 30 unidades\"}]},{\"@type\":\"WebSite\",\"@id\":\"https:\/\/solecentrodeimagen.com\/#website\",\"url\":\"https:\/\/solecentrodeimagen.com\/\",\"name\":\"Sole Centro de Imagen\",\"description\":\"Centro Medicina Est\u00e9tica, Dermatolog\u00eda y Est\u00e9tica avanzada\",\"publisher\":{\"@id\":\"https:\/\/solecentrodeimagen.com\/#organization\"},\"potentialAction\":[{\"@type\":\"SearchAction\",\"target\":{\"@type\":\"EntryPoint\",\"urlTemplate\":\"https:\/\/solecentrodeimagen.com\/?s={search_term_string}\"},\"query-input\":{\"@type\":\"PropertyValueSpecification\",\"valueRequired\":true,\"valueName\":\"search_term_string\"}}],\"inLanguage\":\"fr-FR\"},{\"@type\":\"Organization\",\"@id\":\"https:\/\/solecentrodeimagen.com\/#organization\",\"name\":\"Sole Centro de Imagen Integral\",\"url\":\"https:\/\/solecentrodeimagen.com\/\",\"logo\":{\"@type\":\"ImageObject\",\"inLanguage\":\"fr-FR\",\"@id\":\"https:\/\/solecentrodeimagen.com\/#\/schema\/logo\/image\/\",\"url\":\"https:\/\/solecentrodeimagen.com\/wp-content\/uploads\/2016\/06\/logo-solecentromedico.png\",\"contentUrl\":\"https:\/\/solecentrodeimagen.com\/wp-content\/uploads\/2016\/06\/logo-solecentromedico.png\",\"width\":281,\"height\":96,\"caption\":\"Sole Centro de Imagen Integral\"},\"image\":{\"@id\":\"https:\/\/solecentrodeimagen.com\/#\/schema\/logo\/image\/\"},\"sameAs\":[\"http:\/\/www.facebook.com\/solecentrodeimagen\",\"http:\/\/www.instagram.com\/solecentrodeimagen\"]}]}<\/script>\n<!-- \/ Yoast SEO plugin. -->","yoast_head_json":{"title":"Focus Care Moisture+ Vita-Antioxidant Hydrating Oil Capsules 30 unidades | Sole Centro de Imagen","robots":{"index":"index","follow":"follow","max-snippet":"max-snippet:-1","max-image-preview":"max-image-preview:large","max-video-preview":"max-video-preview:-1"},"canonical":"https:\/\/solecentrodeimagen.com\/producto\/vita-hidrating-oil-capsules-30-caps\/","og_locale":"fr_FR","og_type":"article","og_title":"Focus Care Moisture+ Vita-Antioxidant Hydrating Oil Capsules 30 unidades | Sole Centro de Imagen","og_url":"https:\/\/solecentrodeimagen.com\/producto\/vita-hidrating-oil-capsules-30-caps\/","og_site_name":"Sole Centro de Imagen","article_publisher":"http:\/\/www.facebook.com\/solecentrodeimagen","article_modified_time":"2025-01-27T14:59:09+00:00","og_image":[{"width":823,"height":823,"url":"https:\/\/solecentrodeimagen.com\/wp-content\/uploads\/2025\/01\/Environ-Focus-Care-Moisture-Vita-Anioxidant-Hydrating-Oil-Capsules.webp","type":"image\/webp"}],"twitter_card":"summary_large_image","twitter_misc":{"Est. reading time":"1 minute"},"schema":{"@context":"https:\/\/schema.org","@graph":[{"@type":"WebPage","@id":"https:\/\/solecentrodeimagen.com\/producto\/vita-hidrating-oil-capsules-30-caps\/","url":"https:\/\/solecentrodeimagen.com\/producto\/vita-hidrating-oil-capsules-30-caps\/","name":"Focus Care Moisture+ Vita-Antioxidant Hydrating Oil Capsules 30 unidades | Sole Centro de Imagen","isPartOf":{"@id":"https:\/\/solecentrodeimagen.com\/#website"},"primaryImageOfPage":{"@id":"https:\/\/solecentrodeimagen.com\/producto\/vita-hidrating-oil-capsules-30-caps\/#primaryimage"},"image":{"@id":"https:\/\/solecentrodeimagen.com\/producto\/vita-hidrating-oil-capsules-30-caps\/#primaryimage"},"thumbnailUrl":"https:\/\/solecentrodeimagen.com\/wp-content\/uploads\/2025\/01\/Environ-Focus-Care-Moisture-Vita-Anioxidant-Hydrating-Oil-Capsules.webp","datePublished":"2020-04-17T06:25:18+00:00","dateModified":"2025-01-27T14:59:09+00:00","breadcrumb":{"@id":"https:\/\/solecentrodeimagen.com\/producto\/vita-hidrating-oil-capsules-30-caps\/#breadcrumb"},"inLanguage":"fr-FR","potentialAction":[{"@type":"ReadAction","target":["https:\/\/solecentrodeimagen.com\/producto\/vita-hidrating-oil-capsules-30-caps\/"]}]},{"@type":"ImageObject","inLanguage":"fr-FR","@id":"https:\/\/solecentrodeimagen.com\/producto\/vita-hidrating-oil-capsules-30-caps\/#primaryimage","url":"https:\/\/solecentrodeimagen.com\/wp-content\/uploads\/2025\/01\/Environ-Focus-Care-Moisture-Vita-Anioxidant-Hydrating-Oil-Capsules.webp","contentUrl":"https:\/\/solecentrodeimagen.com\/wp-content\/uploads\/2025\/01\/Environ-Focus-Care-Moisture-Vita-Anioxidant-Hydrating-Oil-Capsules.webp","width":823,"height":823},{"@type":"BreadcrumbList","@id":"https:\/\/solecentrodeimagen.com\/producto\/vita-hidrating-oil-capsules-30-caps\/#breadcrumb","itemListElement":[{"@type":"ListItem","position":1,"name":"Home","item":"https:\/\/solecentrodeimagen.com\/"},{"@type":"ListItem","position":2,"name":"Tienda","item":"https:\/\/solecentrodeimagen.com\/tienda\/"},{"@type":"ListItem","position":3,"name":"Focus Care Moisture+ Vita-Antioxidant Hydrating Oil Capsules 30 unidades"}]},{"@type":"WebSite","@id":"https:\/\/solecentrodeimagen.com\/#website","url":"https:\/\/solecentrodeimagen.com\/","name":"Sole Centro de Imagen","description":"Centro Medicina Est\u00e9tica, Dermatolog\u00eda y Est\u00e9tica avanzada","publisher":{"@id":"https:\/\/solecentrodeimagen.com\/#organization"},"potentialAction":[{"@type":"SearchAction","target":{"@type":"EntryPoint","urlTemplate":"https:\/\/solecentrodeimagen.com\/?s={search_term_string}"},"query-input":{"@type":"PropertyValueSpecification","valueRequired":true,"valueName":"search_term_string"}}],"inLanguage":"fr-FR"},{"@type":"Organization","@id":"https:\/\/solecentrodeimagen.com\/#organization","name":"Sole Centro de Imagen Integral","url":"https:\/\/solecentrodeimagen.com\/","logo":{"@type":"ImageObject","inLanguage":"fr-FR","@id":"https:\/\/solecentrodeimagen.com\/#\/schema\/logo\/image\/","url":"https:\/\/solecentrodeimagen.com\/wp-content\/uploads\/2016\/06\/logo-solecentromedico.png","contentUrl":"https:\/\/solecentrodeimagen.com\/wp-content\/uploads\/2016\/06\/logo-solecentromedico.png","width":281,"height":96,"caption":"Sole Centro de Imagen Integral"},"image":{"@id":"https:\/\/solecentrodeimagen.com\/#\/schema\/logo\/image\/"},"sameAs":["http:\/\/www.facebook.com\/solecentrodeimagen","http:\/\/www.instagram.com\/solecentrodeimagen"]}]}},"_links":{"self":[{"href":"https:\/\/solecentrodeimagen.com\/fr\/wp-json\/wp\/v2\/product\/20390"}],"collection":[{"href":"https:\/\/solecentrodeimagen.com\/fr\/wp-json\/wp\/v2\/product"}],"about":[{"href":"https:\/\/solecentrodeimagen.com\/fr\/wp-json\/wp\/v2\/types\/product"}],"replies":[{"embeddable":true,"href":"https:\/\/solecentrodeimagen.com\/fr\/wp-json\/wp\/v2\/comments?post=20390"}],"wp:featuredmedia":[{"embeddable":true,"href":"https:\/\/solecentrodeimagen.com\/fr\/wp-json\/wp\/v2\/media\/22955"}],"wp:attachment":[{"href":"https:\/\/solecentrodeimagen.com\/fr\/wp-json\/wp\/v2\/media?parent=20390"}],"wp:term":[{"taxonomy":"product_cat","embeddable":true,"href":"https:\/\/solecentrodeimagen.com\/fr\/wp-json\/wp\/v2\/product_cat?post=20390"},{"taxonomy":"product_tag","embeddable":true,"href":"https:\/\/solecentrodeimagen.com\/fr\/wp-json\/wp\/v2\/product_tag?post=20390"}],"curies":[{"name":"wp","href":"https:\/\/api.w.org\/{rel}","templated":true}]}}