{"id":20393,"date":"2020-04-17T08:57:32","date_gmt":"2020-04-17T06:57:32","guid":{"rendered":"https:\/\/solecentrodeimagen.com\/?post_type=product&#038;p=20393"},"modified":"2025-01-27T12:23:18","modified_gmt":"2025-01-27T11:23:18","slug":"avance-moisturiser-30-ml","status":"publish","type":"product","link":"https:\/\/solecentrodeimagen.com\/fr\/producto\/avance-moisturiser-30-ml\/","title":{"rendered":"Focus Care Youth+ Tri-Peptide Complex Avance Moisturiser 30ml"},"content":{"rendered":"<p><strong>Environ Focus Care Youth+ Tri-Peptide Avance Moisturiser<\/strong> es un tratamiento lujoso dise\u00f1ado para abordar m\u00faltiples signos del envejecimiento. Su f\u00f3rmula combina tres complejos pept\u00eddicos avanzados que trabajan sin\u00e9rgicamente para estimular la producci\u00f3n de col\u00e1geno y elastina, mejorar la elasticidad, suavizar las arrugas y rellenar la piel.<br \/>\n\u2022 Matrixyl\u00ae\ufe0f 3000: Compuesto por amino\u00e1cidos naturales con propiedades antienvejecimiento, fomenta la formaci\u00f3n saludable de col\u00e1geno y elastina para una piel m\u00e1s firme y joven.<br \/>\n\u2022 Trylagen\u00ae\ufe0f: Una combinaci\u00f3n de p\u00e9ptidos y prote\u00ednas que estimula, organiza y protege el col\u00e1geno en todas las etapas de su ciclo de vida.<br \/>\n\u2022 Matrixyl\u00ae\ufe0f Synth\u00e9 6\u00ae\ufe0f: Estimula seis componentes esenciales de la piel, ayudando a suavizar las arrugas y mejorar el volumen y la textura de la piel.<\/p>\n<p>Esta crema multifuncional hidrata intensamente la piel, dej\u00e1ndola suave, firme y con una apariencia rejuvenecida. Es ideal para quienes buscan un cuidado avanzado y efectivo para combatir los signos visibles del envejecimiento mientras promueven una piel m\u00e1s radiante y saludable.<\/p>\n","protected":false},"excerpt":{"rendered":"<p>Crema lujosa y multifuncional que combina tres complejos pept\u00eddicos avanzados para estimular el col\u00e1geno, suavizar las arrugas, mejorar la elasticidad y proporcionar hidrataci\u00f3n profunda.<\/p>\n","protected":false},"featured_media":22966,"comment_status":"open","ping_status":"closed","template":"","meta":[],"product_cat":[336,335,178,378],"product_tag":[358,252],"class_list":{"0":"post-20393","1":"product","2":"type-product","3":"status-publish","4":"has-post-thumbnail","6":"product_cat-hidratantes","7":"product_cat-facial","8":"product_cat-environ","9":"product_cat-environ-focus-care-youth","10":"product_tag-dano-solar","11":"product_tag-envejecimiento","13":"first","14":"instock","15":"sale","16":"taxable","17":"shipping-taxable","18":"purchasable","19":"product-type-simple"},"translation":{"provider":"WPGlobus","version":"3.0.0","language":"fr","enabled_languages":["es","en","fr"],"languages":{"es":{"title":true,"content":true,"excerpt":true},"en":{"title":false,"content":false,"excerpt":false},"fr":{"title":false,"content":false,"excerpt":false}}},"yoast_head":"<!-- This site is optimized with the Yoast SEO plugin v23.5 - https:\/\/yoast.com\/wordpress\/plugins\/seo\/ -->\n<title>Environ Intensive Avance Moisturiser 30ml | Sole Centro de Imagen\u2122<\/title>\n<meta name=\"robots\" content=\"index, follow, max-snippet:-1, max-image-preview:large, max-video-preview:-1\" \/>\n<link rel=\"canonical\" href=\"https:\/\/solecentrodeimagen.com\/producto\/avance-moisturiser-30-ml\/\" \/>\n<meta property=\"og:locale\" content=\"fr_FR\" \/>\n<meta property=\"og:type\" content=\"article\" \/>\n<meta property=\"og:title\" content=\"Focus Care Youth+ Tri-Peptide Complex Avance Moisturiser 30ml | Sole Centro de Imagen\" \/>\n<meta property=\"og:url\" content=\"https:\/\/solecentrodeimagen.com\/producto\/avance-moisturiser-30-ml\/\" \/>\n<meta property=\"og:site_name\" content=\"Sole Centro de Imagen\" \/>\n<meta property=\"article:publisher\" content=\"http:\/\/www.facebook.com\/solecentrodeimagen\" \/>\n<meta property=\"article:modified_time\" content=\"2025-01-27T11:23:18+00:00\" \/>\n<meta property=\"og:image\" content=\"https:\/\/solecentrodeimagen.com\/wp-content\/uploads\/2025\/01\/Environ-Focus-Care-Youth-Tri-Peptide-Complex-Avance-Moisturiser.webp\" \/>\n\t<meta property=\"og:image:width\" content=\"500\" \/>\n\t<meta property=\"og:image:height\" content=\"500\" \/>\n\t<meta property=\"og:image:type\" content=\"image\/webp\" \/>\n<meta name=\"twitter:card\" content=\"summary_large_image\" \/>\n<meta name=\"twitter:label1\" content=\"Est. reading time\" \/>\n\t<meta name=\"twitter:data1\" content=\"1 minute\" \/>\n<script type=\"application\/ld+json\" class=\"yoast-schema-graph\">{\"@context\":\"https:\/\/schema.org\",\"@graph\":[{\"@type\":\"WebPage\",\"@id\":\"https:\/\/solecentrodeimagen.com\/producto\/avance-moisturiser-30-ml\/\",\"url\":\"https:\/\/solecentrodeimagen.com\/producto\/avance-moisturiser-30-ml\/\",\"name\":\"Environ Intensive Avance Moisturiser 30ml | Sole Centro de Imagen\u2122\",\"isPartOf\":{\"@id\":\"https:\/\/solecentrodeimagen.com\/#website\"},\"primaryImageOfPage\":{\"@id\":\"https:\/\/solecentrodeimagen.com\/producto\/avance-moisturiser-30-ml\/#primaryimage\"},\"image\":{\"@id\":\"https:\/\/solecentrodeimagen.com\/producto\/avance-moisturiser-30-ml\/#primaryimage\"},\"thumbnailUrl\":\"https:\/\/solecentrodeimagen.com\/wp-content\/uploads\/2025\/01\/Environ-Focus-Care-Youth-Tri-Peptide-Complex-Avance-Moisturiser.webp\",\"datePublished\":\"2020-04-17T06:57:32+00:00\",\"dateModified\":\"2025-01-27T11:23:18+00:00\",\"description\":\"Crema lujosa y multifuncional que combina tres complejos pept\u00eddicos avanzados para estimular el col\u00e1geno, suavizar las arrugas, mejorar la elasticidad y proporcionar hidrataci\u00f3n profunda.\",\"breadcrumb\":{\"@id\":\"https:\/\/solecentrodeimagen.com\/producto\/avance-moisturiser-30-ml\/#breadcrumb\"},\"inLanguage\":\"fr-FR\",\"potentialAction\":[{\"@type\":\"ReadAction\",\"target\":[\"https:\/\/solecentrodeimagen.com\/producto\/avance-moisturiser-30-ml\/\"]}]},{\"@type\":\"ImageObject\",\"inLanguage\":\"fr-FR\",\"@id\":\"https:\/\/solecentrodeimagen.com\/producto\/avance-moisturiser-30-ml\/#primaryimage\",\"url\":\"https:\/\/solecentrodeimagen.com\/wp-content\/uploads\/2025\/01\/Environ-Focus-Care-Youth-Tri-Peptide-Complex-Avance-Moisturiser.webp\",\"contentUrl\":\"https:\/\/solecentrodeimagen.com\/wp-content\/uploads\/2025\/01\/Environ-Focus-Care-Youth-Tri-Peptide-Complex-Avance-Moisturiser.webp\",\"width\":500,\"height\":500},{\"@type\":\"BreadcrumbList\",\"@id\":\"https:\/\/solecentrodeimagen.com\/producto\/avance-moisturiser-30-ml\/#breadcrumb\",\"itemListElement\":[{\"@type\":\"ListItem\",\"position\":1,\"name\":\"Home\",\"item\":\"https:\/\/solecentrodeimagen.com\/\"},{\"@type\":\"ListItem\",\"position\":2,\"name\":\"Tienda\",\"item\":\"https:\/\/solecentrodeimagen.com\/tienda\/\"},{\"@type\":\"ListItem\",\"position\":3,\"name\":\"Focus Care Youth+ Tri-Peptide Complex Avance Moisturiser 30ml\"}]},{\"@type\":\"WebSite\",\"@id\":\"https:\/\/solecentrodeimagen.com\/#website\",\"url\":\"https:\/\/solecentrodeimagen.com\/\",\"name\":\"Sole Centro de Imagen\",\"description\":\"Centro Medicina Est\u00e9tica, Dermatolog\u00eda y Est\u00e9tica avanzada\",\"publisher\":{\"@id\":\"https:\/\/solecentrodeimagen.com\/#organization\"},\"potentialAction\":[{\"@type\":\"SearchAction\",\"target\":{\"@type\":\"EntryPoint\",\"urlTemplate\":\"https:\/\/solecentrodeimagen.com\/?s={search_term_string}\"},\"query-input\":{\"@type\":\"PropertyValueSpecification\",\"valueRequired\":true,\"valueName\":\"search_term_string\"}}],\"inLanguage\":\"fr-FR\"},{\"@type\":\"Organization\",\"@id\":\"https:\/\/solecentrodeimagen.com\/#organization\",\"name\":\"Sole Centro de Imagen Integral\",\"url\":\"https:\/\/solecentrodeimagen.com\/\",\"logo\":{\"@type\":\"ImageObject\",\"inLanguage\":\"fr-FR\",\"@id\":\"https:\/\/solecentrodeimagen.com\/#\/schema\/logo\/image\/\",\"url\":\"https:\/\/solecentrodeimagen.com\/wp-content\/uploads\/2016\/06\/logo-solecentromedico.png\",\"contentUrl\":\"https:\/\/solecentrodeimagen.com\/wp-content\/uploads\/2016\/06\/logo-solecentromedico.png\",\"width\":281,\"height\":96,\"caption\":\"Sole Centro de Imagen Integral\"},\"image\":{\"@id\":\"https:\/\/solecentrodeimagen.com\/#\/schema\/logo\/image\/\"},\"sameAs\":[\"http:\/\/www.facebook.com\/solecentrodeimagen\",\"http:\/\/www.instagram.com\/solecentrodeimagen\"]}]}<\/script>\n<!-- \/ Yoast SEO plugin. -->","yoast_head_json":{"title":"Environ Intensive Avance Moisturiser 30ml | Sole Centro de Imagen\u2122","robots":{"index":"index","follow":"follow","max-snippet":"max-snippet:-1","max-image-preview":"max-image-preview:large","max-video-preview":"max-video-preview:-1"},"canonical":"https:\/\/solecentrodeimagen.com\/producto\/avance-moisturiser-30-ml\/","og_locale":"fr_FR","og_type":"article","og_title":"Focus Care Youth+ Tri-Peptide Complex Avance Moisturiser 30ml | Sole Centro de Imagen","og_url":"https:\/\/solecentrodeimagen.com\/producto\/avance-moisturiser-30-ml\/","og_site_name":"Sole Centro de Imagen","article_publisher":"http:\/\/www.facebook.com\/solecentrodeimagen","article_modified_time":"2025-01-27T11:23:18+00:00","og_image":[{"width":500,"height":500,"url":"https:\/\/solecentrodeimagen.com\/wp-content\/uploads\/2025\/01\/Environ-Focus-Care-Youth-Tri-Peptide-Complex-Avance-Moisturiser.webp","type":"image\/webp"}],"twitter_card":"summary_large_image","twitter_misc":{"Est. reading time":"1 minute"},"schema":{"@context":"https:\/\/schema.org","@graph":[{"@type":"WebPage","@id":"https:\/\/solecentrodeimagen.com\/producto\/avance-moisturiser-30-ml\/","url":"https:\/\/solecentrodeimagen.com\/producto\/avance-moisturiser-30-ml\/","name":"Environ Intensive Avance Moisturiser 30ml | Sole Centro de Imagen\u2122","isPartOf":{"@id":"https:\/\/solecentrodeimagen.com\/#website"},"primaryImageOfPage":{"@id":"https:\/\/solecentrodeimagen.com\/producto\/avance-moisturiser-30-ml\/#primaryimage"},"image":{"@id":"https:\/\/solecentrodeimagen.com\/producto\/avance-moisturiser-30-ml\/#primaryimage"},"thumbnailUrl":"https:\/\/solecentrodeimagen.com\/wp-content\/uploads\/2025\/01\/Environ-Focus-Care-Youth-Tri-Peptide-Complex-Avance-Moisturiser.webp","datePublished":"2020-04-17T06:57:32+00:00","dateModified":"2025-01-27T11:23:18+00:00","description":"Crema lujosa y multifuncional que combina tres complejos pept\u00eddicos avanzados para estimular el col\u00e1geno, suavizar las arrugas, mejorar la elasticidad y proporcionar hidrataci\u00f3n profunda.","breadcrumb":{"@id":"https:\/\/solecentrodeimagen.com\/producto\/avance-moisturiser-30-ml\/#breadcrumb"},"inLanguage":"fr-FR","potentialAction":[{"@type":"ReadAction","target":["https:\/\/solecentrodeimagen.com\/producto\/avance-moisturiser-30-ml\/"]}]},{"@type":"ImageObject","inLanguage":"fr-FR","@id":"https:\/\/solecentrodeimagen.com\/producto\/avance-moisturiser-30-ml\/#primaryimage","url":"https:\/\/solecentrodeimagen.com\/wp-content\/uploads\/2025\/01\/Environ-Focus-Care-Youth-Tri-Peptide-Complex-Avance-Moisturiser.webp","contentUrl":"https:\/\/solecentrodeimagen.com\/wp-content\/uploads\/2025\/01\/Environ-Focus-Care-Youth-Tri-Peptide-Complex-Avance-Moisturiser.webp","width":500,"height":500},{"@type":"BreadcrumbList","@id":"https:\/\/solecentrodeimagen.com\/producto\/avance-moisturiser-30-ml\/#breadcrumb","itemListElement":[{"@type":"ListItem","position":1,"name":"Home","item":"https:\/\/solecentrodeimagen.com\/"},{"@type":"ListItem","position":2,"name":"Tienda","item":"https:\/\/solecentrodeimagen.com\/tienda\/"},{"@type":"ListItem","position":3,"name":"Focus Care Youth+ Tri-Peptide Complex Avance Moisturiser 30ml"}]},{"@type":"WebSite","@id":"https:\/\/solecentrodeimagen.com\/#website","url":"https:\/\/solecentrodeimagen.com\/","name":"Sole Centro de Imagen","description":"Centro Medicina Est\u00e9tica, Dermatolog\u00eda y Est\u00e9tica avanzada","publisher":{"@id":"https:\/\/solecentrodeimagen.com\/#organization"},"potentialAction":[{"@type":"SearchAction","target":{"@type":"EntryPoint","urlTemplate":"https:\/\/solecentrodeimagen.com\/?s={search_term_string}"},"query-input":{"@type":"PropertyValueSpecification","valueRequired":true,"valueName":"search_term_string"}}],"inLanguage":"fr-FR"},{"@type":"Organization","@id":"https:\/\/solecentrodeimagen.com\/#organization","name":"Sole Centro de Imagen Integral","url":"https:\/\/solecentrodeimagen.com\/","logo":{"@type":"ImageObject","inLanguage":"fr-FR","@id":"https:\/\/solecentrodeimagen.com\/#\/schema\/logo\/image\/","url":"https:\/\/solecentrodeimagen.com\/wp-content\/uploads\/2016\/06\/logo-solecentromedico.png","contentUrl":"https:\/\/solecentrodeimagen.com\/wp-content\/uploads\/2016\/06\/logo-solecentromedico.png","width":281,"height":96,"caption":"Sole Centro de Imagen Integral"},"image":{"@id":"https:\/\/solecentrodeimagen.com\/#\/schema\/logo\/image\/"},"sameAs":["http:\/\/www.facebook.com\/solecentrodeimagen","http:\/\/www.instagram.com\/solecentrodeimagen"]}]}},"_links":{"self":[{"href":"https:\/\/solecentrodeimagen.com\/fr\/wp-json\/wp\/v2\/product\/20393"}],"collection":[{"href":"https:\/\/solecentrodeimagen.com\/fr\/wp-json\/wp\/v2\/product"}],"about":[{"href":"https:\/\/solecentrodeimagen.com\/fr\/wp-json\/wp\/v2\/types\/product"}],"replies":[{"embeddable":true,"href":"https:\/\/solecentrodeimagen.com\/fr\/wp-json\/wp\/v2\/comments?post=20393"}],"wp:featuredmedia":[{"embeddable":true,"href":"https:\/\/solecentrodeimagen.com\/fr\/wp-json\/wp\/v2\/media\/22966"}],"wp:attachment":[{"href":"https:\/\/solecentrodeimagen.com\/fr\/wp-json\/wp\/v2\/media?parent=20393"}],"wp:term":[{"taxonomy":"product_cat","embeddable":true,"href":"https:\/\/solecentrodeimagen.com\/fr\/wp-json\/wp\/v2\/product_cat?post=20393"},{"taxonomy":"product_tag","embeddable":true,"href":"https:\/\/solecentrodeimagen.com\/fr\/wp-json\/wp\/v2\/product_tag?post=20393"}],"curies":[{"name":"wp","href":"https:\/\/api.w.org\/{rel}","templated":true}]}}