{"id":20555,"date":"2020-04-18T18:12:13","date_gmt":"2020-04-18T16:12:13","guid":{"rendered":"https:\/\/solecentrodeimagen.com\/?post_type=product&#038;p=20555"},"modified":"2020-05-04T23:12:02","modified_gmt":"2020-05-04T21:12:02","slug":"bronz-repair-crema-facial-sol-50-ml","status":"publish","type":"product","link":"https:\/\/solecentrodeimagen.com\/fr\/producto\/bronz-repair-crema-facial-sol-50-ml\/","title":{"rendered":"Esthederm Bronze Repair Crema Facial * Sol 50 ML."},"content":{"rendered":"<p>Bronz Repair es un bronceador antiarrugas, broncea y protege del fotoenvejecimiento a la vez que\u00a0 inhibe la degradaci\u00f3n del col\u00e1geno producido por los rayos UVA, adem\u00e1s de corregir los signos de la edad. Tambi\u00e9n unifica y aporta luminosidad, tiene una textura fundente y nutritiva. Protege de los rayos UVB=UVA<\/p>\n<p>Para qui\u00e9n esta indicado:<\/p>\n<p>Lo pueden usar todo tipo de piel, excepto las hiperpigmentadas. Recomendable para pieles normales que quieren broncear y preservar la juventud en su piel. Por supuesto, siempre escogiendo la protecci\u00f3n adecuada y necesaria para el tipo de exposici\u00f3n. 1, 2 \u00f3 3 soles.<\/p>\n<p>Modo de aplicaci\u00f3n:<\/p>\n<p>Aplicar sobre el cara, cuello y escote 20 minutos antes de la exposici\u00f3n al sol, renovar el producto despu\u00e9s de cada ba\u00f1o y cada 2 horas. Adaptar la protecci\u00f3n seg\u00fan el tipo de sol y de fototipo cut\u00e1neo.<\/p>\n<p>Resultados:<\/p>\n<p>&#8211; El bronceado ser\u00e1 mucho m\u00e1s intenso, r\u00e1pido y sano, respetando la juventud de tu piel. &#8211;\u00a0 Su piel estar\u00e1 m\u00e1s hidratada y protegida, frente a las agresiones solares y fortalecida con un efecto antiarrugas y reafirmante. &#8211; Previene el fotoenvejecimiento. &#8211; Corrige los signos de la edad.<\/p>\n","protected":false},"excerpt":{"rendered":"<p>Bronz Repair es un bronceador antiarrugas, broncea y protege del fotoenvejecimiento a la vez que\u00a0 inhibe la degradaci\u00f3n del col\u00e1geno producido por los rayos UVA, adem\u00e1s de corregir los signos de la edad. Tambi\u00e9n unifica y aporta luminosidad, tiene una textura fundente y nutritiva. Protege de los rayos UVB=UVA<\/p>\n<p>Lo pueden usar todo tipo de piel, excepto las hiperpigmentadas. Recomendable para pieles normales que quieren broncear y preservar la juventud en su piel. Por supuesto, siempre escogiendo la protecci\u00f3n adecuada y necesaria para el tipo de exposici\u00f3n. 1, 2 \u00f3 3 soles.<\/p>\n<p>Modo de aplicaci\u00f3n:<\/p>\n<p>Aplicar sobre el cara, cuello y escote 20 minutos antes de la exposici\u00f3n al sol, renovar el producto despu\u00e9s de cada ba\u00f1o y cada 2 horas. Adaptar la protecci\u00f3n seg\u00fan el tipo de sol y de fototipo cut\u00e1neo.<\/p>\n","protected":false},"featured_media":20993,"comment_status":"open","ping_status":"closed","template":"","meta":[],"product_cat":[186],"product_tag":[],"class_list":{"0":"post-20555","1":"product","2":"type-product","3":"status-publish","4":"has-post-thumbnail","6":"product_cat-esthederm","8":"first","9":"instock","10":"sale","11":"taxable","12":"shipping-taxable","13":"purchasable","14":"product-type-simple"},"translation":{"provider":"WPGlobus","version":"3.0.0","language":"fr","enabled_languages":["es","en","fr"],"languages":{"es":{"title":true,"content":true,"excerpt":true},"en":{"title":false,"content":false,"excerpt":false},"fr":{"title":false,"content":false,"excerpt":false}}},"yoast_head":"<!-- This site is optimized with the Yoast SEO plugin v23.5 - https:\/\/yoast.com\/wordpress\/plugins\/seo\/ -->\n<title>Esthederm Bronze Repair Crema Facial * Sol 50 ML. | Sole Centro de Imagen<\/title>\n<meta name=\"robots\" content=\"index, follow, max-snippet:-1, max-image-preview:large, max-video-preview:-1\" \/>\n<link rel=\"canonical\" href=\"https:\/\/solecentrodeimagen.com\/producto\/bronz-repair-crema-facial-sol-50-ml\/\" \/>\n<meta property=\"og:locale\" content=\"fr_FR\" \/>\n<meta property=\"og:type\" content=\"article\" \/>\n<meta property=\"og:title\" content=\"Esthederm Bronze Repair Crema Facial * Sol 50 ML. | Sole Centro de Imagen\" \/>\n<meta property=\"og:url\" content=\"https:\/\/solecentrodeimagen.com\/producto\/bronz-repair-crema-facial-sol-50-ml\/\" \/>\n<meta property=\"og:site_name\" content=\"Sole Centro de Imagen\" \/>\n<meta property=\"article:publisher\" content=\"http:\/\/www.facebook.com\/solecentrodeimagen\" \/>\n<meta property=\"article:modified_time\" content=\"2020-05-04T21:12:02+00:00\" \/>\n<meta property=\"og:image\" content=\"https:\/\/solecentrodeimagen.com\/wp-content\/uploads\/2020\/04\/bronz-repair-soleil-doux_3_1.jpg\" \/>\n\t<meta property=\"og:image:width\" content=\"75\" \/>\n\t<meta property=\"og:image:height\" content=\"113\" \/>\n\t<meta property=\"og:image:type\" content=\"image\/jpeg\" \/>\n<meta name=\"twitter:card\" content=\"summary_large_image\" \/>\n<meta name=\"twitter:label1\" content=\"Est. reading time\" \/>\n\t<meta name=\"twitter:data1\" content=\"1 minute\" \/>\n<script type=\"application\/ld+json\" class=\"yoast-schema-graph\">{\"@context\":\"https:\/\/schema.org\",\"@graph\":[{\"@type\":\"WebPage\",\"@id\":\"https:\/\/solecentrodeimagen.com\/producto\/bronz-repair-crema-facial-sol-50-ml\/\",\"url\":\"https:\/\/solecentrodeimagen.com\/producto\/bronz-repair-crema-facial-sol-50-ml\/\",\"name\":\"Esthederm Bronze Repair Crema Facial * Sol 50 ML. | Sole Centro de Imagen\",\"isPartOf\":{\"@id\":\"https:\/\/solecentrodeimagen.com\/#website\"},\"primaryImageOfPage\":{\"@id\":\"https:\/\/solecentrodeimagen.com\/producto\/bronz-repair-crema-facial-sol-50-ml\/#primaryimage\"},\"image\":{\"@id\":\"https:\/\/solecentrodeimagen.com\/producto\/bronz-repair-crema-facial-sol-50-ml\/#primaryimage\"},\"thumbnailUrl\":\"https:\/\/solecentrodeimagen.com\/wp-content\/uploads\/2020\/04\/bronz-repair-soleil-doux_3_1.jpg\",\"datePublished\":\"2020-04-18T16:12:13+00:00\",\"dateModified\":\"2020-05-04T21:12:02+00:00\",\"breadcrumb\":{\"@id\":\"https:\/\/solecentrodeimagen.com\/producto\/bronz-repair-crema-facial-sol-50-ml\/#breadcrumb\"},\"inLanguage\":\"fr-FR\",\"potentialAction\":[{\"@type\":\"ReadAction\",\"target\":[\"https:\/\/solecentrodeimagen.com\/producto\/bronz-repair-crema-facial-sol-50-ml\/\"]}]},{\"@type\":\"ImageObject\",\"inLanguage\":\"fr-FR\",\"@id\":\"https:\/\/solecentrodeimagen.com\/producto\/bronz-repair-crema-facial-sol-50-ml\/#primaryimage\",\"url\":\"https:\/\/solecentrodeimagen.com\/wp-content\/uploads\/2020\/04\/bronz-repair-soleil-doux_3_1.jpg\",\"contentUrl\":\"https:\/\/solecentrodeimagen.com\/wp-content\/uploads\/2020\/04\/bronz-repair-soleil-doux_3_1.jpg\",\"width\":75,\"height\":113},{\"@type\":\"BreadcrumbList\",\"@id\":\"https:\/\/solecentrodeimagen.com\/producto\/bronz-repair-crema-facial-sol-50-ml\/#breadcrumb\",\"itemListElement\":[{\"@type\":\"ListItem\",\"position\":1,\"name\":\"Home\",\"item\":\"https:\/\/solecentrodeimagen.com\/\"},{\"@type\":\"ListItem\",\"position\":2,\"name\":\"Tienda\",\"item\":\"https:\/\/solecentrodeimagen.com\/tienda\/\"},{\"@type\":\"ListItem\",\"position\":3,\"name\":\"Esthederm Bronze Repair Crema Facial * Sol 50 ML.\"}]},{\"@type\":\"WebSite\",\"@id\":\"https:\/\/solecentrodeimagen.com\/#website\",\"url\":\"https:\/\/solecentrodeimagen.com\/\",\"name\":\"Sole Centro de Imagen\",\"description\":\"Centro Medicina Est\u00e9tica, Dermatolog\u00eda y Est\u00e9tica avanzada\",\"publisher\":{\"@id\":\"https:\/\/solecentrodeimagen.com\/#organization\"},\"potentialAction\":[{\"@type\":\"SearchAction\",\"target\":{\"@type\":\"EntryPoint\",\"urlTemplate\":\"https:\/\/solecentrodeimagen.com\/?s={search_term_string}\"},\"query-input\":{\"@type\":\"PropertyValueSpecification\",\"valueRequired\":true,\"valueName\":\"search_term_string\"}}],\"inLanguage\":\"fr-FR\"},{\"@type\":\"Organization\",\"@id\":\"https:\/\/solecentrodeimagen.com\/#organization\",\"name\":\"Sole Centro de Imagen Integral\",\"url\":\"https:\/\/solecentrodeimagen.com\/\",\"logo\":{\"@type\":\"ImageObject\",\"inLanguage\":\"fr-FR\",\"@id\":\"https:\/\/solecentrodeimagen.com\/#\/schema\/logo\/image\/\",\"url\":\"https:\/\/solecentrodeimagen.com\/wp-content\/uploads\/2016\/06\/logo-solecentromedico.png\",\"contentUrl\":\"https:\/\/solecentrodeimagen.com\/wp-content\/uploads\/2016\/06\/logo-solecentromedico.png\",\"width\":281,\"height\":96,\"caption\":\"Sole Centro de Imagen Integral\"},\"image\":{\"@id\":\"https:\/\/solecentrodeimagen.com\/#\/schema\/logo\/image\/\"},\"sameAs\":[\"http:\/\/www.facebook.com\/solecentrodeimagen\",\"http:\/\/www.instagram.com\/solecentrodeimagen\"]}]}<\/script>\n<!-- \/ Yoast SEO plugin. -->","yoast_head_json":{"title":"Esthederm Bronze Repair Crema Facial * Sol 50 ML. | Sole Centro de Imagen","robots":{"index":"index","follow":"follow","max-snippet":"max-snippet:-1","max-image-preview":"max-image-preview:large","max-video-preview":"max-video-preview:-1"},"canonical":"https:\/\/solecentrodeimagen.com\/producto\/bronz-repair-crema-facial-sol-50-ml\/","og_locale":"fr_FR","og_type":"article","og_title":"Esthederm Bronze Repair Crema Facial * Sol 50 ML. | Sole Centro de Imagen","og_url":"https:\/\/solecentrodeimagen.com\/producto\/bronz-repair-crema-facial-sol-50-ml\/","og_site_name":"Sole Centro de Imagen","article_publisher":"http:\/\/www.facebook.com\/solecentrodeimagen","article_modified_time":"2020-05-04T21:12:02+00:00","og_image":[{"width":75,"height":113,"url":"https:\/\/solecentrodeimagen.com\/wp-content\/uploads\/2020\/04\/bronz-repair-soleil-doux_3_1.jpg","type":"image\/jpeg"}],"twitter_card":"summary_large_image","twitter_misc":{"Est. reading time":"1 minute"},"schema":{"@context":"https:\/\/schema.org","@graph":[{"@type":"WebPage","@id":"https:\/\/solecentrodeimagen.com\/producto\/bronz-repair-crema-facial-sol-50-ml\/","url":"https:\/\/solecentrodeimagen.com\/producto\/bronz-repair-crema-facial-sol-50-ml\/","name":"Esthederm Bronze Repair Crema Facial * Sol 50 ML. | Sole Centro de Imagen","isPartOf":{"@id":"https:\/\/solecentrodeimagen.com\/#website"},"primaryImageOfPage":{"@id":"https:\/\/solecentrodeimagen.com\/producto\/bronz-repair-crema-facial-sol-50-ml\/#primaryimage"},"image":{"@id":"https:\/\/solecentrodeimagen.com\/producto\/bronz-repair-crema-facial-sol-50-ml\/#primaryimage"},"thumbnailUrl":"https:\/\/solecentrodeimagen.com\/wp-content\/uploads\/2020\/04\/bronz-repair-soleil-doux_3_1.jpg","datePublished":"2020-04-18T16:12:13+00:00","dateModified":"2020-05-04T21:12:02+00:00","breadcrumb":{"@id":"https:\/\/solecentrodeimagen.com\/producto\/bronz-repair-crema-facial-sol-50-ml\/#breadcrumb"},"inLanguage":"fr-FR","potentialAction":[{"@type":"ReadAction","target":["https:\/\/solecentrodeimagen.com\/producto\/bronz-repair-crema-facial-sol-50-ml\/"]}]},{"@type":"ImageObject","inLanguage":"fr-FR","@id":"https:\/\/solecentrodeimagen.com\/producto\/bronz-repair-crema-facial-sol-50-ml\/#primaryimage","url":"https:\/\/solecentrodeimagen.com\/wp-content\/uploads\/2020\/04\/bronz-repair-soleil-doux_3_1.jpg","contentUrl":"https:\/\/solecentrodeimagen.com\/wp-content\/uploads\/2020\/04\/bronz-repair-soleil-doux_3_1.jpg","width":75,"height":113},{"@type":"BreadcrumbList","@id":"https:\/\/solecentrodeimagen.com\/producto\/bronz-repair-crema-facial-sol-50-ml\/#breadcrumb","itemListElement":[{"@type":"ListItem","position":1,"name":"Home","item":"https:\/\/solecentrodeimagen.com\/"},{"@type":"ListItem","position":2,"name":"Tienda","item":"https:\/\/solecentrodeimagen.com\/tienda\/"},{"@type":"ListItem","position":3,"name":"Esthederm Bronze Repair Crema Facial * Sol 50 ML."}]},{"@type":"WebSite","@id":"https:\/\/solecentrodeimagen.com\/#website","url":"https:\/\/solecentrodeimagen.com\/","name":"Sole Centro de Imagen","description":"Centro Medicina Est\u00e9tica, Dermatolog\u00eda y Est\u00e9tica avanzada","publisher":{"@id":"https:\/\/solecentrodeimagen.com\/#organization"},"potentialAction":[{"@type":"SearchAction","target":{"@type":"EntryPoint","urlTemplate":"https:\/\/solecentrodeimagen.com\/?s={search_term_string}"},"query-input":{"@type":"PropertyValueSpecification","valueRequired":true,"valueName":"search_term_string"}}],"inLanguage":"fr-FR"},{"@type":"Organization","@id":"https:\/\/solecentrodeimagen.com\/#organization","name":"Sole Centro de Imagen Integral","url":"https:\/\/solecentrodeimagen.com\/","logo":{"@type":"ImageObject","inLanguage":"fr-FR","@id":"https:\/\/solecentrodeimagen.com\/#\/schema\/logo\/image\/","url":"https:\/\/solecentrodeimagen.com\/wp-content\/uploads\/2016\/06\/logo-solecentromedico.png","contentUrl":"https:\/\/solecentrodeimagen.com\/wp-content\/uploads\/2016\/06\/logo-solecentromedico.png","width":281,"height":96,"caption":"Sole Centro de Imagen Integral"},"image":{"@id":"https:\/\/solecentrodeimagen.com\/#\/schema\/logo\/image\/"},"sameAs":["http:\/\/www.facebook.com\/solecentrodeimagen","http:\/\/www.instagram.com\/solecentrodeimagen"]}]}},"_links":{"self":[{"href":"https:\/\/solecentrodeimagen.com\/fr\/wp-json\/wp\/v2\/product\/20555"}],"collection":[{"href":"https:\/\/solecentrodeimagen.com\/fr\/wp-json\/wp\/v2\/product"}],"about":[{"href":"https:\/\/solecentrodeimagen.com\/fr\/wp-json\/wp\/v2\/types\/product"}],"replies":[{"embeddable":true,"href":"https:\/\/solecentrodeimagen.com\/fr\/wp-json\/wp\/v2\/comments?post=20555"}],"wp:featuredmedia":[{"embeddable":true,"href":"https:\/\/solecentrodeimagen.com\/fr\/wp-json\/wp\/v2\/media\/20993"}],"wp:attachment":[{"href":"https:\/\/solecentrodeimagen.com\/fr\/wp-json\/wp\/v2\/media?parent=20555"}],"wp:term":[{"taxonomy":"product_cat","embeddable":true,"href":"https:\/\/solecentrodeimagen.com\/fr\/wp-json\/wp\/v2\/product_cat?post=20555"},{"taxonomy":"product_tag","embeddable":true,"href":"https:\/\/solecentrodeimagen.com\/fr\/wp-json\/wp\/v2\/product_tag?post=20555"}],"curies":[{"name":"wp","href":"https:\/\/api.w.org\/{rel}","templated":true}]}}