{"id":20579,"date":"2020-04-18T20:21:56","date_gmt":"2020-04-18T18:21:56","guid":{"rendered":"https:\/\/solecentrodeimagen.com\/?post_type=product&#038;p=20579"},"modified":"2024-08-07T11:10:43","modified_gmt":"2024-08-07T09:10:43","slug":"adaptasun-sensitive-soles-50ml","status":"publish","type":"product","link":"https:\/\/solecentrodeimagen.com\/fr\/producto\/adaptasun-sensitive-soles-50ml\/","title":{"rendered":"Esthederm Adaptasun Sensitive Piel Sensible Sol fuerte 50ml"},"content":{"rendered":"<p>Adaptasun facial para pieles sensibles aporta protecci\u00f3n celular y combate el fotoenvejecimiento. Estimula, e intensifica el bronceado de las pieles claras o delicadas que broncean con dificultad. Devuelve a las pieles sensibles el placer de exponerse al sol con moderaci\u00f3n minimizando los riesgos de reacci\u00f3n cut\u00e1nea. Textura en crema untuosa y delicada.<\/p>\n<div class=\"product-collateral toggle-content tabs\">\n<dl class=\"collateral-tabs\">\n<dd class=\"tab-container current\">\n<div class=\"tab-content\">Protege y broncea la piel del rostro en una exposici\u00f3n de sol moderado. Consigue un bronceado r\u00e1pido, homog\u00e9neo y duradero protegiendo y reparando la piel frente el da\u00f1o cut\u00e1neo. Tiene activos calmantes para tratar la sensibilidad al sol.<\/div>\n<div>Para pieles normales y sanas con fototipos claros que enrojecen con mucha facilidad, que les cuesta y quieren broncearse el rostro sin dejar de estar protegidas. En una exposici\u00f3n de sol medio.<\/div>\n<div>Aplicar sobre el rostro cuello y escote 20 minutos antes de la exposici\u00f3n solar y renovar la aplicaci\u00f3n despu\u00e9s de cada ba\u00f1o y cada 2 horas.<\/div>\n<\/dd>\n<\/dl>\n<\/div>\n","protected":false},"excerpt":{"rendered":"<p>Adaptasun facial para pieles sensibles aporta protecci\u00f3n celular y combate el fotoenvejecimiento. Estimula, e intensifica el bronceado de las pieles claras o delicadas que broncean con dificultad.<\/p>\n<dl class=\"collateral-tabs\">\n<dd class=\"tab-container current\">\n<div class=\"tab-content\">Consigue un bronceado r\u00e1pido, homog\u00e9neo y duradero protegiendo y reparando la piel frente el da\u00f1o cut\u00e1neo. Tiene activos calmantes para tratar la sensibilidad al sol.<\/div>\n<div>Para pieles normales y sanas con fototipos claros que enrojecen con mucha facilidad, que les cuesta y quieren broncearse el rostro sin dejar de estar protegidas. En una exposici\u00f3n de sol medio.<\/div>\n<div>Aplicar sobre el rostro cuello y escote 20 minutos antes de la exposici\u00f3n solar y renovar la aplicaci\u00f3n despu\u00e9s de cada ba\u00f1o y cada 2 horas.<\/div>\n<\/dd>\n<\/dl>\n","protected":false},"featured_media":20580,"comment_status":"open","ping_status":"closed","template":"","meta":[],"product_cat":[186],"product_tag":[],"class_list":{"0":"post-20579","1":"product","2":"type-product","3":"status-publish","4":"has-post-thumbnail","6":"product_cat-esthederm","8":"first","9":"instock","10":"sale","11":"taxable","12":"shipping-taxable","13":"purchasable","14":"product-type-simple"},"translation":{"provider":"WPGlobus","version":"3.0.0","language":"fr","enabled_languages":["es","en","fr"],"languages":{"es":{"title":true,"content":true,"excerpt":true},"en":{"title":false,"content":false,"excerpt":false},"fr":{"title":false,"content":false,"excerpt":false}}},"yoast_head":"<!-- This site is optimized with the Yoast SEO plugin v23.5 - https:\/\/yoast.com\/wordpress\/plugins\/seo\/ -->\n<title>Esthederm Adaptasun Sensitive Piel Sensible Sol fuerte 50ml | Sole Centro de Imagen<\/title>\n<meta name=\"robots\" content=\"index, follow, max-snippet:-1, max-image-preview:large, max-video-preview:-1\" \/>\n<link rel=\"canonical\" href=\"https:\/\/solecentrodeimagen.com\/producto\/adaptasun-sensitive-soles-50ml\/\" \/>\n<meta property=\"og:locale\" content=\"fr_FR\" \/>\n<meta property=\"og:type\" content=\"article\" \/>\n<meta property=\"og:title\" content=\"Esthederm Adaptasun Sensitive Piel Sensible Sol fuerte 50ml | Sole Centro de Imagen\" \/>\n<meta property=\"og:url\" content=\"https:\/\/solecentrodeimagen.com\/producto\/adaptasun-sensitive-soles-50ml\/\" \/>\n<meta property=\"og:site_name\" content=\"Sole Centro de Imagen\" \/>\n<meta property=\"article:publisher\" content=\"http:\/\/www.facebook.com\/solecentrodeimagen\" \/>\n<meta property=\"article:modified_time\" content=\"2024-08-07T09:10:43+00:00\" \/>\n<meta property=\"og:image\" content=\"https:\/\/solecentrodeimagen.com\/wp-content\/uploads\/2020\/04\/ADAPTASUM-FACIAL-SENSITIVE-ESTHEDERM.jpg\" \/>\n\t<meta property=\"og:image:width\" content=\"277\" \/>\n\t<meta property=\"og:image:height\" content=\"277\" \/>\n\t<meta property=\"og:image:type\" content=\"image\/jpeg\" \/>\n<meta name=\"twitter:card\" content=\"summary_large_image\" \/>\n<meta name=\"twitter:label1\" content=\"Est. reading time\" \/>\n\t<meta name=\"twitter:data1\" content=\"1 minute\" \/>\n<script type=\"application\/ld+json\" class=\"yoast-schema-graph\">{\"@context\":\"https:\/\/schema.org\",\"@graph\":[{\"@type\":\"WebPage\",\"@id\":\"https:\/\/solecentrodeimagen.com\/producto\/adaptasun-sensitive-soles-50ml\/\",\"url\":\"https:\/\/solecentrodeimagen.com\/producto\/adaptasun-sensitive-soles-50ml\/\",\"name\":\"Esthederm Adaptasun Sensitive Piel Sensible Sol fuerte 50ml | Sole Centro de Imagen\",\"isPartOf\":{\"@id\":\"https:\/\/solecentrodeimagen.com\/#website\"},\"primaryImageOfPage\":{\"@id\":\"https:\/\/solecentrodeimagen.com\/producto\/adaptasun-sensitive-soles-50ml\/#primaryimage\"},\"image\":{\"@id\":\"https:\/\/solecentrodeimagen.com\/producto\/adaptasun-sensitive-soles-50ml\/#primaryimage\"},\"thumbnailUrl\":\"https:\/\/solecentrodeimagen.com\/wp-content\/uploads\/2020\/04\/ADAPTASUM-FACIAL-SENSITIVE-ESTHEDERM.jpg\",\"datePublished\":\"2020-04-18T18:21:56+00:00\",\"dateModified\":\"2024-08-07T09:10:43+00:00\",\"breadcrumb\":{\"@id\":\"https:\/\/solecentrodeimagen.com\/producto\/adaptasun-sensitive-soles-50ml\/#breadcrumb\"},\"inLanguage\":\"fr-FR\",\"potentialAction\":[{\"@type\":\"ReadAction\",\"target\":[\"https:\/\/solecentrodeimagen.com\/producto\/adaptasun-sensitive-soles-50ml\/\"]}]},{\"@type\":\"ImageObject\",\"inLanguage\":\"fr-FR\",\"@id\":\"https:\/\/solecentrodeimagen.com\/producto\/adaptasun-sensitive-soles-50ml\/#primaryimage\",\"url\":\"https:\/\/solecentrodeimagen.com\/wp-content\/uploads\/2020\/04\/ADAPTASUM-FACIAL-SENSITIVE-ESTHEDERM.jpg\",\"contentUrl\":\"https:\/\/solecentrodeimagen.com\/wp-content\/uploads\/2020\/04\/ADAPTASUM-FACIAL-SENSITIVE-ESTHEDERM.jpg\",\"width\":277,\"height\":277},{\"@type\":\"BreadcrumbList\",\"@id\":\"https:\/\/solecentrodeimagen.com\/producto\/adaptasun-sensitive-soles-50ml\/#breadcrumb\",\"itemListElement\":[{\"@type\":\"ListItem\",\"position\":1,\"name\":\"Home\",\"item\":\"https:\/\/solecentrodeimagen.com\/\"},{\"@type\":\"ListItem\",\"position\":2,\"name\":\"Tienda\",\"item\":\"https:\/\/solecentrodeimagen.com\/tienda\/\"},{\"@type\":\"ListItem\",\"position\":3,\"name\":\"Esthederm Adaptasun Sensitive Piel Sensible Sol fuerte 50ml\"}]},{\"@type\":\"WebSite\",\"@id\":\"https:\/\/solecentrodeimagen.com\/#website\",\"url\":\"https:\/\/solecentrodeimagen.com\/\",\"name\":\"Sole Centro de Imagen\",\"description\":\"Centro Medicina Est\u00e9tica, Dermatolog\u00eda y Est\u00e9tica avanzada\",\"publisher\":{\"@id\":\"https:\/\/solecentrodeimagen.com\/#organization\"},\"potentialAction\":[{\"@type\":\"SearchAction\",\"target\":{\"@type\":\"EntryPoint\",\"urlTemplate\":\"https:\/\/solecentrodeimagen.com\/?s={search_term_string}\"},\"query-input\":{\"@type\":\"PropertyValueSpecification\",\"valueRequired\":true,\"valueName\":\"search_term_string\"}}],\"inLanguage\":\"fr-FR\"},{\"@type\":\"Organization\",\"@id\":\"https:\/\/solecentrodeimagen.com\/#organization\",\"name\":\"Sole Centro de Imagen Integral\",\"url\":\"https:\/\/solecentrodeimagen.com\/\",\"logo\":{\"@type\":\"ImageObject\",\"inLanguage\":\"fr-FR\",\"@id\":\"https:\/\/solecentrodeimagen.com\/#\/schema\/logo\/image\/\",\"url\":\"https:\/\/solecentrodeimagen.com\/wp-content\/uploads\/2016\/06\/logo-solecentromedico.png\",\"contentUrl\":\"https:\/\/solecentrodeimagen.com\/wp-content\/uploads\/2016\/06\/logo-solecentromedico.png\",\"width\":281,\"height\":96,\"caption\":\"Sole Centro de Imagen Integral\"},\"image\":{\"@id\":\"https:\/\/solecentrodeimagen.com\/#\/schema\/logo\/image\/\"},\"sameAs\":[\"http:\/\/www.facebook.com\/solecentrodeimagen\",\"http:\/\/www.instagram.com\/solecentrodeimagen\"]}]}<\/script>\n<!-- \/ Yoast SEO plugin. -->","yoast_head_json":{"title":"Esthederm Adaptasun Sensitive Piel Sensible Sol fuerte 50ml | Sole Centro de Imagen","robots":{"index":"index","follow":"follow","max-snippet":"max-snippet:-1","max-image-preview":"max-image-preview:large","max-video-preview":"max-video-preview:-1"},"canonical":"https:\/\/solecentrodeimagen.com\/producto\/adaptasun-sensitive-soles-50ml\/","og_locale":"fr_FR","og_type":"article","og_title":"Esthederm Adaptasun Sensitive Piel Sensible Sol fuerte 50ml | Sole Centro de Imagen","og_url":"https:\/\/solecentrodeimagen.com\/producto\/adaptasun-sensitive-soles-50ml\/","og_site_name":"Sole Centro de Imagen","article_publisher":"http:\/\/www.facebook.com\/solecentrodeimagen","article_modified_time":"2024-08-07T09:10:43+00:00","og_image":[{"width":277,"height":277,"url":"https:\/\/solecentrodeimagen.com\/wp-content\/uploads\/2020\/04\/ADAPTASUM-FACIAL-SENSITIVE-ESTHEDERM.jpg","type":"image\/jpeg"}],"twitter_card":"summary_large_image","twitter_misc":{"Est. reading time":"1 minute"},"schema":{"@context":"https:\/\/schema.org","@graph":[{"@type":"WebPage","@id":"https:\/\/solecentrodeimagen.com\/producto\/adaptasun-sensitive-soles-50ml\/","url":"https:\/\/solecentrodeimagen.com\/producto\/adaptasun-sensitive-soles-50ml\/","name":"Esthederm Adaptasun Sensitive Piel Sensible Sol fuerte 50ml | Sole Centro de Imagen","isPartOf":{"@id":"https:\/\/solecentrodeimagen.com\/#website"},"primaryImageOfPage":{"@id":"https:\/\/solecentrodeimagen.com\/producto\/adaptasun-sensitive-soles-50ml\/#primaryimage"},"image":{"@id":"https:\/\/solecentrodeimagen.com\/producto\/adaptasun-sensitive-soles-50ml\/#primaryimage"},"thumbnailUrl":"https:\/\/solecentrodeimagen.com\/wp-content\/uploads\/2020\/04\/ADAPTASUM-FACIAL-SENSITIVE-ESTHEDERM.jpg","datePublished":"2020-04-18T18:21:56+00:00","dateModified":"2024-08-07T09:10:43+00:00","breadcrumb":{"@id":"https:\/\/solecentrodeimagen.com\/producto\/adaptasun-sensitive-soles-50ml\/#breadcrumb"},"inLanguage":"fr-FR","potentialAction":[{"@type":"ReadAction","target":["https:\/\/solecentrodeimagen.com\/producto\/adaptasun-sensitive-soles-50ml\/"]}]},{"@type":"ImageObject","inLanguage":"fr-FR","@id":"https:\/\/solecentrodeimagen.com\/producto\/adaptasun-sensitive-soles-50ml\/#primaryimage","url":"https:\/\/solecentrodeimagen.com\/wp-content\/uploads\/2020\/04\/ADAPTASUM-FACIAL-SENSITIVE-ESTHEDERM.jpg","contentUrl":"https:\/\/solecentrodeimagen.com\/wp-content\/uploads\/2020\/04\/ADAPTASUM-FACIAL-SENSITIVE-ESTHEDERM.jpg","width":277,"height":277},{"@type":"BreadcrumbList","@id":"https:\/\/solecentrodeimagen.com\/producto\/adaptasun-sensitive-soles-50ml\/#breadcrumb","itemListElement":[{"@type":"ListItem","position":1,"name":"Home","item":"https:\/\/solecentrodeimagen.com\/"},{"@type":"ListItem","position":2,"name":"Tienda","item":"https:\/\/solecentrodeimagen.com\/tienda\/"},{"@type":"ListItem","position":3,"name":"Esthederm Adaptasun Sensitive Piel Sensible Sol fuerte 50ml"}]},{"@type":"WebSite","@id":"https:\/\/solecentrodeimagen.com\/#website","url":"https:\/\/solecentrodeimagen.com\/","name":"Sole Centro de Imagen","description":"Centro Medicina Est\u00e9tica, Dermatolog\u00eda y Est\u00e9tica avanzada","publisher":{"@id":"https:\/\/solecentrodeimagen.com\/#organization"},"potentialAction":[{"@type":"SearchAction","target":{"@type":"EntryPoint","urlTemplate":"https:\/\/solecentrodeimagen.com\/?s={search_term_string}"},"query-input":{"@type":"PropertyValueSpecification","valueRequired":true,"valueName":"search_term_string"}}],"inLanguage":"fr-FR"},{"@type":"Organization","@id":"https:\/\/solecentrodeimagen.com\/#organization","name":"Sole Centro de Imagen Integral","url":"https:\/\/solecentrodeimagen.com\/","logo":{"@type":"ImageObject","inLanguage":"fr-FR","@id":"https:\/\/solecentrodeimagen.com\/#\/schema\/logo\/image\/","url":"https:\/\/solecentrodeimagen.com\/wp-content\/uploads\/2016\/06\/logo-solecentromedico.png","contentUrl":"https:\/\/solecentrodeimagen.com\/wp-content\/uploads\/2016\/06\/logo-solecentromedico.png","width":281,"height":96,"caption":"Sole Centro de Imagen Integral"},"image":{"@id":"https:\/\/solecentrodeimagen.com\/#\/schema\/logo\/image\/"},"sameAs":["http:\/\/www.facebook.com\/solecentrodeimagen","http:\/\/www.instagram.com\/solecentrodeimagen"]}]}},"_links":{"self":[{"href":"https:\/\/solecentrodeimagen.com\/fr\/wp-json\/wp\/v2\/product\/20579"}],"collection":[{"href":"https:\/\/solecentrodeimagen.com\/fr\/wp-json\/wp\/v2\/product"}],"about":[{"href":"https:\/\/solecentrodeimagen.com\/fr\/wp-json\/wp\/v2\/types\/product"}],"replies":[{"embeddable":true,"href":"https:\/\/solecentrodeimagen.com\/fr\/wp-json\/wp\/v2\/comments?post=20579"}],"wp:featuredmedia":[{"embeddable":true,"href":"https:\/\/solecentrodeimagen.com\/fr\/wp-json\/wp\/v2\/media\/20580"}],"wp:attachment":[{"href":"https:\/\/solecentrodeimagen.com\/fr\/wp-json\/wp\/v2\/media?parent=20579"}],"wp:term":[{"taxonomy":"product_cat","embeddable":true,"href":"https:\/\/solecentrodeimagen.com\/fr\/wp-json\/wp\/v2\/product_cat?post=20579"},{"taxonomy":"product_tag","embeddable":true,"href":"https:\/\/solecentrodeimagen.com\/fr\/wp-json\/wp\/v2\/product_tag?post=20579"}],"curies":[{"name":"wp","href":"https:\/\/api.w.org\/{rel}","templated":true}]}}