{"id":21990,"date":"2021-12-12T17:26:17","date_gmt":"2021-12-12T16:26:17","guid":{"rendered":"https:\/\/solecentrodeimagen.com\/?post_type=product&#038;p=21990"},"modified":"2025-01-27T11:45:14","modified_gmt":"2025-01-27T10:45:14","slug":"contouring-cream","status":"publish","type":"product","link":"https:\/\/solecentrodeimagen.com\/fr\/producto\/contouring-cream\/","title":{"rendered":"Body EssentiA Tri Complex Contouring Cream 125ml"},"content":{"rendered":"<p><strong>Environ Body EssentiA Tri-Complex Contouring Cream<\/strong> es un tratamiento innovador que ofrece un enfoque tridimensional para mejorar la apariencia del cuerpo. Su f\u00f3rmula combina tres poderosos ingredientes dise\u00f1ados para reafirmar la piel, suavizar irregularidades, mejorar la hidrataci\u00f3n y proporcionar una sensaci\u00f3n lujosamente sedosa. Es ideal para quienes buscan reducir la flacidez y perfeccionar la textura de la piel en \u00e1reas como los muslos, las nalgas, el abdomen, los brazos y la l\u00ednea de la mand\u00edbula, promoviendo una apariencia m\u00e1s tonificada y uniforme.<\/p>\n","protected":false},"excerpt":{"rendered":"<p>Mejora la firmeza, hidrata y suaviza la piel, ayudando a combatir la flacidez y la textura desigual en \u00e1reas como muslos, abdomen y brazos.<\/p>\n","protected":false},"featured_media":21991,"comment_status":"open","ping_status":"closed","template":"","meta":[],"product_cat":[348,340,178,376],"product_tag":[252,339],"class_list":{"0":"post-21990","1":"product","2":"type-product","3":"status-publish","4":"has-post-thumbnail","6":"product_cat-crema-hidratante","7":"product_cat-corporal","8":"product_cat-environ","9":"product_cat-environ-body-essentia","10":"product_tag-envejecimiento","11":"product_tag-seco-deshidratado","13":"first","14":"instock","15":"sale","16":"taxable","17":"shipping-taxable","18":"purchasable","19":"product-type-simple"},"translation":{"provider":"WPGlobus","version":"3.0.0","language":"fr","enabled_languages":["es","en","fr"],"languages":{"es":{"title":true,"content":true,"excerpt":true},"en":{"title":false,"content":false,"excerpt":false},"fr":{"title":false,"content":false,"excerpt":false}}},"yoast_head":"<!-- This site is optimized with the Yoast SEO plugin v23.5 - https:\/\/yoast.com\/wordpress\/plugins\/seo\/ -->\n<title>Environ Body Derma-Lac Lotion 200ml | Sole Centro de Imagen\u2122<\/title>\n<meta name=\"robots\" content=\"index, follow, max-snippet:-1, max-image-preview:large, max-video-preview:-1\" \/>\n<link rel=\"canonical\" href=\"https:\/\/solecentrodeimagen.com\/producto\/contouring-cream\/\" \/>\n<meta property=\"og:locale\" content=\"fr_FR\" \/>\n<meta property=\"og:type\" content=\"article\" \/>\n<meta property=\"og:title\" content=\"Body EssentiA Tri Complex Contouring Cream 125ml | Sole Centro de Imagen\" \/>\n<meta property=\"og:url\" content=\"https:\/\/solecentrodeimagen.com\/producto\/contouring-cream\/\" \/>\n<meta property=\"og:site_name\" content=\"Sole Centro de Imagen\" \/>\n<meta property=\"article:publisher\" content=\"http:\/\/www.facebook.com\/solecentrodeimagen\" \/>\n<meta property=\"article:modified_time\" content=\"2025-01-27T10:45:14+00:00\" \/>\n<meta property=\"og:image\" content=\"https:\/\/solecentrodeimagen.com\/wp-content\/uploads\/2021\/12\/ontouring-cream.png\" \/>\n\t<meta property=\"og:image:width\" content=\"2480\" \/>\n\t<meta property=\"og:image:height\" content=\"3507\" \/>\n\t<meta property=\"og:image:type\" content=\"image\/png\" \/>\n<meta name=\"twitter:card\" content=\"summary_large_image\" \/>\n<meta name=\"twitter:label1\" content=\"Est. reading time\" \/>\n\t<meta name=\"twitter:data1\" content=\"1 minute\" \/>\n<script type=\"application\/ld+json\" class=\"yoast-schema-graph\">{\"@context\":\"https:\/\/schema.org\",\"@graph\":[{\"@type\":\"WebPage\",\"@id\":\"https:\/\/solecentrodeimagen.com\/producto\/contouring-cream\/\",\"url\":\"https:\/\/solecentrodeimagen.com\/producto\/contouring-cream\/\",\"name\":\"Environ Body Derma-Lac Lotion 200ml | Sole Centro de Imagen\u2122\",\"isPartOf\":{\"@id\":\"https:\/\/solecentrodeimagen.com\/#website\"},\"primaryImageOfPage\":{\"@id\":\"https:\/\/solecentrodeimagen.com\/producto\/contouring-cream\/#primaryimage\"},\"image\":{\"@id\":\"https:\/\/solecentrodeimagen.com\/producto\/contouring-cream\/#primaryimage\"},\"thumbnailUrl\":\"https:\/\/solecentrodeimagen.com\/wp-content\/uploads\/2021\/12\/ontouring-cream.png\",\"datePublished\":\"2021-12-12T16:26:17+00:00\",\"dateModified\":\"2025-01-27T10:45:14+00:00\",\"description\":\"Mejora la firmeza, hidrata y suaviza la piel, ayudando a combatir la flacidez y la textura desigual en \u00e1reas como muslos, abdomen y brazos.\",\"breadcrumb\":{\"@id\":\"https:\/\/solecentrodeimagen.com\/producto\/contouring-cream\/#breadcrumb\"},\"inLanguage\":\"fr-FR\",\"potentialAction\":[{\"@type\":\"ReadAction\",\"target\":[\"https:\/\/solecentrodeimagen.com\/producto\/contouring-cream\/\"]}]},{\"@type\":\"ImageObject\",\"inLanguage\":\"fr-FR\",\"@id\":\"https:\/\/solecentrodeimagen.com\/producto\/contouring-cream\/#primaryimage\",\"url\":\"https:\/\/solecentrodeimagen.com\/wp-content\/uploads\/2021\/12\/ontouring-cream.png\",\"contentUrl\":\"https:\/\/solecentrodeimagen.com\/wp-content\/uploads\/2021\/12\/ontouring-cream.png\",\"width\":2480,\"height\":3507},{\"@type\":\"BreadcrumbList\",\"@id\":\"https:\/\/solecentrodeimagen.com\/producto\/contouring-cream\/#breadcrumb\",\"itemListElement\":[{\"@type\":\"ListItem\",\"position\":1,\"name\":\"Home\",\"item\":\"https:\/\/solecentrodeimagen.com\/\"},{\"@type\":\"ListItem\",\"position\":2,\"name\":\"Tienda\",\"item\":\"https:\/\/solecentrodeimagen.com\/tienda\/\"},{\"@type\":\"ListItem\",\"position\":3,\"name\":\"Body EssentiA Tri Complex Contouring Cream 125ml\"}]},{\"@type\":\"WebSite\",\"@id\":\"https:\/\/solecentrodeimagen.com\/#website\",\"url\":\"https:\/\/solecentrodeimagen.com\/\",\"name\":\"Sole Centro de Imagen\",\"description\":\"Centro Medicina Est\u00e9tica, Dermatolog\u00eda y Est\u00e9tica avanzada\",\"publisher\":{\"@id\":\"https:\/\/solecentrodeimagen.com\/#organization\"},\"potentialAction\":[{\"@type\":\"SearchAction\",\"target\":{\"@type\":\"EntryPoint\",\"urlTemplate\":\"https:\/\/solecentrodeimagen.com\/?s={search_term_string}\"},\"query-input\":{\"@type\":\"PropertyValueSpecification\",\"valueRequired\":true,\"valueName\":\"search_term_string\"}}],\"inLanguage\":\"fr-FR\"},{\"@type\":\"Organization\",\"@id\":\"https:\/\/solecentrodeimagen.com\/#organization\",\"name\":\"Sole Centro de Imagen Integral\",\"url\":\"https:\/\/solecentrodeimagen.com\/\",\"logo\":{\"@type\":\"ImageObject\",\"inLanguage\":\"fr-FR\",\"@id\":\"https:\/\/solecentrodeimagen.com\/#\/schema\/logo\/image\/\",\"url\":\"https:\/\/solecentrodeimagen.com\/wp-content\/uploads\/2016\/06\/logo-solecentromedico.png\",\"contentUrl\":\"https:\/\/solecentrodeimagen.com\/wp-content\/uploads\/2016\/06\/logo-solecentromedico.png\",\"width\":281,\"height\":96,\"caption\":\"Sole Centro de Imagen Integral\"},\"image\":{\"@id\":\"https:\/\/solecentrodeimagen.com\/#\/schema\/logo\/image\/\"},\"sameAs\":[\"http:\/\/www.facebook.com\/solecentrodeimagen\",\"http:\/\/www.instagram.com\/solecentrodeimagen\"]}]}<\/script>\n<!-- \/ Yoast SEO plugin. -->","yoast_head_json":{"title":"Environ Body Derma-Lac Lotion 200ml | Sole Centro de Imagen\u2122","robots":{"index":"index","follow":"follow","max-snippet":"max-snippet:-1","max-image-preview":"max-image-preview:large","max-video-preview":"max-video-preview:-1"},"canonical":"https:\/\/solecentrodeimagen.com\/producto\/contouring-cream\/","og_locale":"fr_FR","og_type":"article","og_title":"Body EssentiA Tri Complex Contouring Cream 125ml | Sole Centro de Imagen","og_url":"https:\/\/solecentrodeimagen.com\/producto\/contouring-cream\/","og_site_name":"Sole Centro de Imagen","article_publisher":"http:\/\/www.facebook.com\/solecentrodeimagen","article_modified_time":"2025-01-27T10:45:14+00:00","og_image":[{"width":2480,"height":3507,"url":"https:\/\/solecentrodeimagen.com\/wp-content\/uploads\/2021\/12\/ontouring-cream.png","type":"image\/png"}],"twitter_card":"summary_large_image","twitter_misc":{"Est. reading time":"1 minute"},"schema":{"@context":"https:\/\/schema.org","@graph":[{"@type":"WebPage","@id":"https:\/\/solecentrodeimagen.com\/producto\/contouring-cream\/","url":"https:\/\/solecentrodeimagen.com\/producto\/contouring-cream\/","name":"Environ Body Derma-Lac Lotion 200ml | Sole Centro de Imagen\u2122","isPartOf":{"@id":"https:\/\/solecentrodeimagen.com\/#website"},"primaryImageOfPage":{"@id":"https:\/\/solecentrodeimagen.com\/producto\/contouring-cream\/#primaryimage"},"image":{"@id":"https:\/\/solecentrodeimagen.com\/producto\/contouring-cream\/#primaryimage"},"thumbnailUrl":"https:\/\/solecentrodeimagen.com\/wp-content\/uploads\/2021\/12\/ontouring-cream.png","datePublished":"2021-12-12T16:26:17+00:00","dateModified":"2025-01-27T10:45:14+00:00","description":"Mejora la firmeza, hidrata y suaviza la piel, ayudando a combatir la flacidez y la textura desigual en \u00e1reas como muslos, abdomen y brazos.","breadcrumb":{"@id":"https:\/\/solecentrodeimagen.com\/producto\/contouring-cream\/#breadcrumb"},"inLanguage":"fr-FR","potentialAction":[{"@type":"ReadAction","target":["https:\/\/solecentrodeimagen.com\/producto\/contouring-cream\/"]}]},{"@type":"ImageObject","inLanguage":"fr-FR","@id":"https:\/\/solecentrodeimagen.com\/producto\/contouring-cream\/#primaryimage","url":"https:\/\/solecentrodeimagen.com\/wp-content\/uploads\/2021\/12\/ontouring-cream.png","contentUrl":"https:\/\/solecentrodeimagen.com\/wp-content\/uploads\/2021\/12\/ontouring-cream.png","width":2480,"height":3507},{"@type":"BreadcrumbList","@id":"https:\/\/solecentrodeimagen.com\/producto\/contouring-cream\/#breadcrumb","itemListElement":[{"@type":"ListItem","position":1,"name":"Home","item":"https:\/\/solecentrodeimagen.com\/"},{"@type":"ListItem","position":2,"name":"Tienda","item":"https:\/\/solecentrodeimagen.com\/tienda\/"},{"@type":"ListItem","position":3,"name":"Body EssentiA Tri Complex Contouring Cream 125ml"}]},{"@type":"WebSite","@id":"https:\/\/solecentrodeimagen.com\/#website","url":"https:\/\/solecentrodeimagen.com\/","name":"Sole Centro de Imagen","description":"Centro Medicina Est\u00e9tica, Dermatolog\u00eda y Est\u00e9tica avanzada","publisher":{"@id":"https:\/\/solecentrodeimagen.com\/#organization"},"potentialAction":[{"@type":"SearchAction","target":{"@type":"EntryPoint","urlTemplate":"https:\/\/solecentrodeimagen.com\/?s={search_term_string}"},"query-input":{"@type":"PropertyValueSpecification","valueRequired":true,"valueName":"search_term_string"}}],"inLanguage":"fr-FR"},{"@type":"Organization","@id":"https:\/\/solecentrodeimagen.com\/#organization","name":"Sole Centro de Imagen Integral","url":"https:\/\/solecentrodeimagen.com\/","logo":{"@type":"ImageObject","inLanguage":"fr-FR","@id":"https:\/\/solecentrodeimagen.com\/#\/schema\/logo\/image\/","url":"https:\/\/solecentrodeimagen.com\/wp-content\/uploads\/2016\/06\/logo-solecentromedico.png","contentUrl":"https:\/\/solecentrodeimagen.com\/wp-content\/uploads\/2016\/06\/logo-solecentromedico.png","width":281,"height":96,"caption":"Sole Centro de Imagen Integral"},"image":{"@id":"https:\/\/solecentrodeimagen.com\/#\/schema\/logo\/image\/"},"sameAs":["http:\/\/www.facebook.com\/solecentrodeimagen","http:\/\/www.instagram.com\/solecentrodeimagen"]}]}},"_links":{"self":[{"href":"https:\/\/solecentrodeimagen.com\/fr\/wp-json\/wp\/v2\/product\/21990"}],"collection":[{"href":"https:\/\/solecentrodeimagen.com\/fr\/wp-json\/wp\/v2\/product"}],"about":[{"href":"https:\/\/solecentrodeimagen.com\/fr\/wp-json\/wp\/v2\/types\/product"}],"replies":[{"embeddable":true,"href":"https:\/\/solecentrodeimagen.com\/fr\/wp-json\/wp\/v2\/comments?post=21990"}],"wp:featuredmedia":[{"embeddable":true,"href":"https:\/\/solecentrodeimagen.com\/fr\/wp-json\/wp\/v2\/media\/21991"}],"wp:attachment":[{"href":"https:\/\/solecentrodeimagen.com\/fr\/wp-json\/wp\/v2\/media?parent=21990"}],"wp:term":[{"taxonomy":"product_cat","embeddable":true,"href":"https:\/\/solecentrodeimagen.com\/fr\/wp-json\/wp\/v2\/product_cat?post=21990"},{"taxonomy":"product_tag","embeddable":true,"href":"https:\/\/solecentrodeimagen.com\/fr\/wp-json\/wp\/v2\/product_tag?post=21990"}],"curies":[{"name":"wp","href":"https:\/\/api.w.org\/{rel}","templated":true}]}}