{"id":23001,"date":"2025-01-14T13:33:39","date_gmt":"2025-01-14T12:33:39","guid":{"rendered":"https:\/\/solecentrodeimagen.com\/?post_type=product&#038;p=23001"},"modified":"2025-01-27T11:41:50","modified_gmt":"2025-01-27T10:41:50","slug":"focus-care-youth-concentrated-alpha-hydroxy-toner-200ml","status":"publish","type":"product","link":"https:\/\/solecentrodeimagen.com\/fr\/producto\/focus-care-youth-concentrated-alpha-hydroxy-toner-200ml\/","title":{"rendered":"Focus Care Youth+ Concentrated Alpha Hydroxy Toner 200ml"},"content":{"rendered":"<p><strong>Environ Focus Care Youth+ Concentrated Alpha Hydroxy Toner:<\/strong> T\u00f3nico exfoliante y refinador.<\/p>\n<p>Environ Focus Care Youth+ Concentrated Alpha Hydroxy Toner es un t\u00f3nico exfoliante con una concentraci\u00f3n media de \u00e1cido glic\u00f3lico que microexfolia y refina la textura de la piel, dej\u00e1ndola m\u00e1s suave y luminosa. Su acci\u00f3n prepara la piel para una mejor absorci\u00f3n de las vitaminas, favoreciendo una apariencia m\u00e1s radiante.<\/p>\n<p>Ideal para pieles con textura irregular, propensas al acn\u00e9, \u00e1speras o da\u00f1adas por el sol. Su pH de 3,5 lo hace adecuado para un tratamiento suave pero eficaz.<\/p>\n","protected":false},"excerpt":{"rendered":"<p>Un <strong>t\u00f3nico<\/strong> suave que exfolia delicadamente para mejorar la textura de la piel, dejando el rostro m\u00e1s suave y refinado. Ideal para una piel fresca y revitalizada.<\/p>\n","protected":false},"featured_media":22960,"comment_status":"open","ping_status":"closed","template":"","meta":[],"product_cat":[335,178,378,341,345],"product_tag":[252],"class_list":{"0":"post-23001","1":"product","2":"type-product","3":"status-publish","4":"has-post-thumbnail","6":"product_cat-facial","7":"product_cat-environ","8":"product_cat-environ-focus-care-youth","9":"product_cat-envejecimiento","10":"product_cat-mascarillas-y-exfoliantes","11":"product_tag-envejecimiento","13":"first","14":"instock","15":"sale","16":"featured","17":"taxable","18":"shipping-taxable","19":"purchasable","20":"product-type-simple"},"translation":{"provider":"WPGlobus","version":"3.0.0","language":"fr","enabled_languages":["es","en","fr"],"languages":{"es":{"title":true,"content":true,"excerpt":true},"en":{"title":false,"content":false,"excerpt":false},"fr":{"title":false,"content":false,"excerpt":false}}},"yoast_head":"<!-- This site is optimized with the Yoast SEO plugin v23.5 - https:\/\/yoast.com\/wordpress\/plugins\/seo\/ -->\n<title>Environ Body Derma-Lac Lotion 200ml | Sole Centro de Imagen\u2122<\/title>\n<meta name=\"robots\" content=\"index, follow, max-snippet:-1, max-image-preview:large, max-video-preview:-1\" \/>\n<link rel=\"canonical\" href=\"https:\/\/solecentrodeimagen.com\/producto\/focus-care-youth-concentrated-alpha-hydroxy-toner-200ml\/\" \/>\n<meta property=\"og:locale\" content=\"fr_FR\" \/>\n<meta property=\"og:type\" content=\"article\" \/>\n<meta property=\"og:title\" content=\"Focus Care Youth+ Concentrated Alpha Hydroxy Toner 200ml | Sole Centro de Imagen\" \/>\n<meta property=\"og:url\" content=\"https:\/\/solecentrodeimagen.com\/producto\/focus-care-youth-concentrated-alpha-hydroxy-toner-200ml\/\" \/>\n<meta property=\"og:site_name\" content=\"Sole Centro de Imagen\" \/>\n<meta property=\"article:publisher\" content=\"http:\/\/www.facebook.com\/solecentrodeimagen\" \/>\n<meta property=\"article:modified_time\" content=\"2025-01-27T10:41:50+00:00\" \/>\n<meta property=\"og:image\" content=\"https:\/\/solecentrodeimagen.com\/wp-content\/uploads\/2025\/01\/Environ-Focus-Care-Youth-Concentrated-Alpha-Hydroxy-Toner.webp\" \/>\n\t<meta property=\"og:image:width\" content=\"500\" \/>\n\t<meta property=\"og:image:height\" content=\"500\" \/>\n\t<meta property=\"og:image:type\" content=\"image\/webp\" \/>\n<meta name=\"twitter:card\" content=\"summary_large_image\" \/>\n<meta name=\"twitter:label1\" content=\"Est. reading time\" \/>\n\t<meta name=\"twitter:data1\" content=\"1 minute\" \/>\n<script type=\"application\/ld+json\" class=\"yoast-schema-graph\">{\"@context\":\"https:\/\/schema.org\",\"@graph\":[{\"@type\":\"WebPage\",\"@id\":\"https:\/\/solecentrodeimagen.com\/producto\/focus-care-youth-concentrated-alpha-hydroxy-toner-200ml\/\",\"url\":\"https:\/\/solecentrodeimagen.com\/producto\/focus-care-youth-concentrated-alpha-hydroxy-toner-200ml\/\",\"name\":\"Environ Body Derma-Lac Lotion 200ml | Sole Centro de Imagen\u2122\",\"isPartOf\":{\"@id\":\"https:\/\/solecentrodeimagen.com\/#website\"},\"primaryImageOfPage\":{\"@id\":\"https:\/\/solecentrodeimagen.com\/producto\/focus-care-youth-concentrated-alpha-hydroxy-toner-200ml\/#primaryimage\"},\"image\":{\"@id\":\"https:\/\/solecentrodeimagen.com\/producto\/focus-care-youth-concentrated-alpha-hydroxy-toner-200ml\/#primaryimage\"},\"thumbnailUrl\":\"https:\/\/solecentrodeimagen.com\/wp-content\/uploads\/2025\/01\/Environ-Focus-Care-Youth-Concentrated-Alpha-Hydroxy-Toner.webp\",\"datePublished\":\"2025-01-14T12:33:39+00:00\",\"dateModified\":\"2025-01-27T10:41:50+00:00\",\"description\":\"Un t\u00f3nico suave que exfolia delicadamente para mejorar la textura de la piel, dejando el rostro m\u00e1s suave y refinado. Ideal para una piel fresca y revitalizada.\",\"breadcrumb\":{\"@id\":\"https:\/\/solecentrodeimagen.com\/producto\/focus-care-youth-concentrated-alpha-hydroxy-toner-200ml\/#breadcrumb\"},\"inLanguage\":\"fr-FR\",\"potentialAction\":[{\"@type\":\"ReadAction\",\"target\":[\"https:\/\/solecentrodeimagen.com\/producto\/focus-care-youth-concentrated-alpha-hydroxy-toner-200ml\/\"]}]},{\"@type\":\"ImageObject\",\"inLanguage\":\"fr-FR\",\"@id\":\"https:\/\/solecentrodeimagen.com\/producto\/focus-care-youth-concentrated-alpha-hydroxy-toner-200ml\/#primaryimage\",\"url\":\"https:\/\/solecentrodeimagen.com\/wp-content\/uploads\/2025\/01\/Environ-Focus-Care-Youth-Concentrated-Alpha-Hydroxy-Toner.webp\",\"contentUrl\":\"https:\/\/solecentrodeimagen.com\/wp-content\/uploads\/2025\/01\/Environ-Focus-Care-Youth-Concentrated-Alpha-Hydroxy-Toner.webp\",\"width\":500,\"height\":500},{\"@type\":\"BreadcrumbList\",\"@id\":\"https:\/\/solecentrodeimagen.com\/producto\/focus-care-youth-concentrated-alpha-hydroxy-toner-200ml\/#breadcrumb\",\"itemListElement\":[{\"@type\":\"ListItem\",\"position\":1,\"name\":\"Home\",\"item\":\"https:\/\/solecentrodeimagen.com\/\"},{\"@type\":\"ListItem\",\"position\":2,\"name\":\"Tienda\",\"item\":\"https:\/\/solecentrodeimagen.com\/tienda\/\"},{\"@type\":\"ListItem\",\"position\":3,\"name\":\"Focus Care Youth+ Concentrated Alpha Hydroxy Toner 200ml\"}]},{\"@type\":\"WebSite\",\"@id\":\"https:\/\/solecentrodeimagen.com\/#website\",\"url\":\"https:\/\/solecentrodeimagen.com\/\",\"name\":\"Sole Centro de Imagen\",\"description\":\"Centro Medicina Est\u00e9tica, Dermatolog\u00eda y Est\u00e9tica avanzada\",\"publisher\":{\"@id\":\"https:\/\/solecentrodeimagen.com\/#organization\"},\"potentialAction\":[{\"@type\":\"SearchAction\",\"target\":{\"@type\":\"EntryPoint\",\"urlTemplate\":\"https:\/\/solecentrodeimagen.com\/?s={search_term_string}\"},\"query-input\":{\"@type\":\"PropertyValueSpecification\",\"valueRequired\":true,\"valueName\":\"search_term_string\"}}],\"inLanguage\":\"fr-FR\"},{\"@type\":\"Organization\",\"@id\":\"https:\/\/solecentrodeimagen.com\/#organization\",\"name\":\"Sole Centro de Imagen Integral\",\"url\":\"https:\/\/solecentrodeimagen.com\/\",\"logo\":{\"@type\":\"ImageObject\",\"inLanguage\":\"fr-FR\",\"@id\":\"https:\/\/solecentrodeimagen.com\/#\/schema\/logo\/image\/\",\"url\":\"https:\/\/solecentrodeimagen.com\/wp-content\/uploads\/2016\/06\/logo-solecentromedico.png\",\"contentUrl\":\"https:\/\/solecentrodeimagen.com\/wp-content\/uploads\/2016\/06\/logo-solecentromedico.png\",\"width\":281,\"height\":96,\"caption\":\"Sole Centro de Imagen Integral\"},\"image\":{\"@id\":\"https:\/\/solecentrodeimagen.com\/#\/schema\/logo\/image\/\"},\"sameAs\":[\"http:\/\/www.facebook.com\/solecentrodeimagen\",\"http:\/\/www.instagram.com\/solecentrodeimagen\"]}]}<\/script>\n<!-- \/ Yoast SEO plugin. -->","yoast_head_json":{"title":"Environ Body Derma-Lac Lotion 200ml | Sole Centro de Imagen\u2122","robots":{"index":"index","follow":"follow","max-snippet":"max-snippet:-1","max-image-preview":"max-image-preview:large","max-video-preview":"max-video-preview:-1"},"canonical":"https:\/\/solecentrodeimagen.com\/producto\/focus-care-youth-concentrated-alpha-hydroxy-toner-200ml\/","og_locale":"fr_FR","og_type":"article","og_title":"Focus Care Youth+ Concentrated Alpha Hydroxy Toner 200ml | Sole Centro de Imagen","og_url":"https:\/\/solecentrodeimagen.com\/producto\/focus-care-youth-concentrated-alpha-hydroxy-toner-200ml\/","og_site_name":"Sole Centro de Imagen","article_publisher":"http:\/\/www.facebook.com\/solecentrodeimagen","article_modified_time":"2025-01-27T10:41:50+00:00","og_image":[{"width":500,"height":500,"url":"https:\/\/solecentrodeimagen.com\/wp-content\/uploads\/2025\/01\/Environ-Focus-Care-Youth-Concentrated-Alpha-Hydroxy-Toner.webp","type":"image\/webp"}],"twitter_card":"summary_large_image","twitter_misc":{"Est. reading time":"1 minute"},"schema":{"@context":"https:\/\/schema.org","@graph":[{"@type":"WebPage","@id":"https:\/\/solecentrodeimagen.com\/producto\/focus-care-youth-concentrated-alpha-hydroxy-toner-200ml\/","url":"https:\/\/solecentrodeimagen.com\/producto\/focus-care-youth-concentrated-alpha-hydroxy-toner-200ml\/","name":"Environ Body Derma-Lac Lotion 200ml | Sole Centro de Imagen\u2122","isPartOf":{"@id":"https:\/\/solecentrodeimagen.com\/#website"},"primaryImageOfPage":{"@id":"https:\/\/solecentrodeimagen.com\/producto\/focus-care-youth-concentrated-alpha-hydroxy-toner-200ml\/#primaryimage"},"image":{"@id":"https:\/\/solecentrodeimagen.com\/producto\/focus-care-youth-concentrated-alpha-hydroxy-toner-200ml\/#primaryimage"},"thumbnailUrl":"https:\/\/solecentrodeimagen.com\/wp-content\/uploads\/2025\/01\/Environ-Focus-Care-Youth-Concentrated-Alpha-Hydroxy-Toner.webp","datePublished":"2025-01-14T12:33:39+00:00","dateModified":"2025-01-27T10:41:50+00:00","description":"Un t\u00f3nico suave que exfolia delicadamente para mejorar la textura de la piel, dejando el rostro m\u00e1s suave y refinado. Ideal para una piel fresca y revitalizada.","breadcrumb":{"@id":"https:\/\/solecentrodeimagen.com\/producto\/focus-care-youth-concentrated-alpha-hydroxy-toner-200ml\/#breadcrumb"},"inLanguage":"fr-FR","potentialAction":[{"@type":"ReadAction","target":["https:\/\/solecentrodeimagen.com\/producto\/focus-care-youth-concentrated-alpha-hydroxy-toner-200ml\/"]}]},{"@type":"ImageObject","inLanguage":"fr-FR","@id":"https:\/\/solecentrodeimagen.com\/producto\/focus-care-youth-concentrated-alpha-hydroxy-toner-200ml\/#primaryimage","url":"https:\/\/solecentrodeimagen.com\/wp-content\/uploads\/2025\/01\/Environ-Focus-Care-Youth-Concentrated-Alpha-Hydroxy-Toner.webp","contentUrl":"https:\/\/solecentrodeimagen.com\/wp-content\/uploads\/2025\/01\/Environ-Focus-Care-Youth-Concentrated-Alpha-Hydroxy-Toner.webp","width":500,"height":500},{"@type":"BreadcrumbList","@id":"https:\/\/solecentrodeimagen.com\/producto\/focus-care-youth-concentrated-alpha-hydroxy-toner-200ml\/#breadcrumb","itemListElement":[{"@type":"ListItem","position":1,"name":"Home","item":"https:\/\/solecentrodeimagen.com\/"},{"@type":"ListItem","position":2,"name":"Tienda","item":"https:\/\/solecentrodeimagen.com\/tienda\/"},{"@type":"ListItem","position":3,"name":"Focus Care Youth+ Concentrated Alpha Hydroxy Toner 200ml"}]},{"@type":"WebSite","@id":"https:\/\/solecentrodeimagen.com\/#website","url":"https:\/\/solecentrodeimagen.com\/","name":"Sole Centro de Imagen","description":"Centro Medicina Est\u00e9tica, Dermatolog\u00eda y Est\u00e9tica avanzada","publisher":{"@id":"https:\/\/solecentrodeimagen.com\/#organization"},"potentialAction":[{"@type":"SearchAction","target":{"@type":"EntryPoint","urlTemplate":"https:\/\/solecentrodeimagen.com\/?s={search_term_string}"},"query-input":{"@type":"PropertyValueSpecification","valueRequired":true,"valueName":"search_term_string"}}],"inLanguage":"fr-FR"},{"@type":"Organization","@id":"https:\/\/solecentrodeimagen.com\/#organization","name":"Sole Centro de Imagen Integral","url":"https:\/\/solecentrodeimagen.com\/","logo":{"@type":"ImageObject","inLanguage":"fr-FR","@id":"https:\/\/solecentrodeimagen.com\/#\/schema\/logo\/image\/","url":"https:\/\/solecentrodeimagen.com\/wp-content\/uploads\/2016\/06\/logo-solecentromedico.png","contentUrl":"https:\/\/solecentrodeimagen.com\/wp-content\/uploads\/2016\/06\/logo-solecentromedico.png","width":281,"height":96,"caption":"Sole Centro de Imagen Integral"},"image":{"@id":"https:\/\/solecentrodeimagen.com\/#\/schema\/logo\/image\/"},"sameAs":["http:\/\/www.facebook.com\/solecentrodeimagen","http:\/\/www.instagram.com\/solecentrodeimagen"]}]}},"_links":{"self":[{"href":"https:\/\/solecentrodeimagen.com\/fr\/wp-json\/wp\/v2\/product\/23001"}],"collection":[{"href":"https:\/\/solecentrodeimagen.com\/fr\/wp-json\/wp\/v2\/product"}],"about":[{"href":"https:\/\/solecentrodeimagen.com\/fr\/wp-json\/wp\/v2\/types\/product"}],"replies":[{"embeddable":true,"href":"https:\/\/solecentrodeimagen.com\/fr\/wp-json\/wp\/v2\/comments?post=23001"}],"wp:featuredmedia":[{"embeddable":true,"href":"https:\/\/solecentrodeimagen.com\/fr\/wp-json\/wp\/v2\/media\/22960"}],"wp:attachment":[{"href":"https:\/\/solecentrodeimagen.com\/fr\/wp-json\/wp\/v2\/media?parent=23001"}],"wp:term":[{"taxonomy":"product_cat","embeddable":true,"href":"https:\/\/solecentrodeimagen.com\/fr\/wp-json\/wp\/v2\/product_cat?post=23001"},{"taxonomy":"product_tag","embeddable":true,"href":"https:\/\/solecentrodeimagen.com\/fr\/wp-json\/wp\/v2\/product_tag?post=23001"}],"curies":[{"name":"wp","href":"https:\/\/api.w.org\/{rel}","templated":true}]}}