{"id":23002,"date":"2025-01-14T13:49:21","date_gmt":"2025-01-14T12:49:21","guid":{"rendered":"https:\/\/solecentrodeimagen.com\/?post_type=product&#038;p=23002"},"modified":"2025-01-27T11:41:12","modified_gmt":"2025-01-27T10:41:12","slug":"focus-care-radiance-vita-botanical-mela-fade-serum-a-b","status":"publish","type":"product","link":"https:\/\/solecentrodeimagen.com\/fr\/producto\/focus-care-radiance-vita-botanical-mela-fade-serum-a-b\/","title":{"rendered":"Focus Care Radiance+ Vita-Botanical Mela\u2013Fade Serum A &#8211; B 2x30ml"},"content":{"rendered":"<p><strong>Mela-Fade Serum A-B:<\/strong> Sistema de suero de 2 partes para combatir la pigmentaci\u00f3n y da\u00f1o solar.<\/p>\n<p>Mela-Fade Serum A-B es un sistema avanzado de suero de dos partes, que combina el Suero A y el Suero B, formulado con una mezcla concentrada de vitaminas y extractos bot\u00e1nicos. Este potente tratamiento combate y mejora la apariencia de la pigmentaci\u00f3n y el da\u00f1o solar, dejando la piel m\u00e1s uniforme, luminosa y saludable.<\/p>\n<p>El sistema act\u00faa con \u00e1cido l\u00e1ctico y complejos bot\u00e1nicos para inhibir la formaci\u00f3n de nuevas manchas, controlando las c\u00e9lulas da\u00f1adas que provocan la hiperpigmentaci\u00f3n. Esto resulta en una reducci\u00f3n visible de las manchas oscuras y un tono de piel m\u00e1s claro y equilibrado.<\/p>\n","protected":false},"excerpt":{"rendered":"<p>Combinaci\u00f3n de sueros para la pigmentaci\u00f3n y el da\u00f1o solar.<\/p>\n<p>Un sistema de sueros de dos partes con vitaminas y extractos bot\u00e1nicos que ayuda a reducir la apariencia de la pigmentaci\u00f3n y el da\u00f1o solar, dejando la piel m\u00e1s uniforme y luminosa.<\/p>\n","protected":false},"featured_media":22959,"comment_status":"open","ping_status":"closed","template":"","meta":[],"product_cat":[335,178,380,344],"product_tag":[358,357],"class_list":{"0":"post-23002","1":"product","2":"type-product","3":"status-publish","4":"has-post-thumbnail","6":"product_cat-facial","7":"product_cat-environ","8":"product_cat-environ-focus-care-radiance","9":"product_cat-serums","10":"product_tag-dano-solar","11":"product_tag-pigmentacion","13":"first","14":"instock","15":"sale","16":"taxable","17":"shipping-taxable","18":"purchasable","19":"product-type-simple"},"translation":{"provider":"WPGlobus","version":"3.0.0","language":"fr","enabled_languages":["es","en","fr"],"languages":{"es":{"title":true,"content":true,"excerpt":true},"en":{"title":false,"content":false,"excerpt":false},"fr":{"title":false,"content":false,"excerpt":false}}},"yoast_head":"<!-- This site is optimized with the Yoast SEO plugin v23.5 - https:\/\/yoast.com\/wordpress\/plugins\/seo\/ -->\n<title>Environ Radiance Mela\u2013Prep Lotion 60ml | Sole Centro de Imagen\u2122<\/title>\n<meta name=\"robots\" content=\"index, follow, max-snippet:-1, max-image-preview:large, max-video-preview:-1\" \/>\n<link rel=\"canonical\" href=\"https:\/\/solecentrodeimagen.com\/producto\/focus-care-radiance-vita-botanical-mela-fade-serum-a-b\/\" \/>\n<meta property=\"og:locale\" content=\"fr_FR\" \/>\n<meta property=\"og:type\" content=\"article\" \/>\n<meta property=\"og:title\" content=\"Focus Care Radiance+ Vita-Botanical Mela\u2013Fade Serum A - B 2x30ml | Sole Centro de Imagen\" \/>\n<meta property=\"og:url\" content=\"https:\/\/solecentrodeimagen.com\/producto\/focus-care-radiance-vita-botanical-mela-fade-serum-a-b\/\" \/>\n<meta property=\"og:site_name\" content=\"Sole Centro de Imagen\" \/>\n<meta property=\"article:publisher\" content=\"http:\/\/www.facebook.com\/solecentrodeimagen\" \/>\n<meta property=\"article:modified_time\" content=\"2025-01-27T10:41:12+00:00\" \/>\n<meta property=\"og:image\" content=\"https:\/\/solecentrodeimagen.com\/wp-content\/uploads\/2025\/01\/Environ-Focus-Care-Radiance-Vita-Botanical-Mela-Fade-Serum.webp\" \/>\n\t<meta property=\"og:image:width\" content=\"550\" \/>\n\t<meta property=\"og:image:height\" content=\"550\" \/>\n\t<meta property=\"og:image:type\" content=\"image\/webp\" \/>\n<meta name=\"twitter:card\" content=\"summary_large_image\" \/>\n<meta name=\"twitter:label1\" content=\"Est. reading time\" \/>\n\t<meta name=\"twitter:data1\" content=\"1 minute\" \/>\n<script type=\"application\/ld+json\" class=\"yoast-schema-graph\">{\"@context\":\"https:\/\/schema.org\",\"@graph\":[{\"@type\":\"WebPage\",\"@id\":\"https:\/\/solecentrodeimagen.com\/producto\/focus-care-radiance-vita-botanical-mela-fade-serum-a-b\/\",\"url\":\"https:\/\/solecentrodeimagen.com\/producto\/focus-care-radiance-vita-botanical-mela-fade-serum-a-b\/\",\"name\":\"Environ Radiance Mela\u2013Prep Lotion 60ml | Sole Centro de Imagen\u2122\",\"isPartOf\":{\"@id\":\"https:\/\/solecentrodeimagen.com\/#website\"},\"primaryImageOfPage\":{\"@id\":\"https:\/\/solecentrodeimagen.com\/producto\/focus-care-radiance-vita-botanical-mela-fade-serum-a-b\/#primaryimage\"},\"image\":{\"@id\":\"https:\/\/solecentrodeimagen.com\/producto\/focus-care-radiance-vita-botanical-mela-fade-serum-a-b\/#primaryimage\"},\"thumbnailUrl\":\"https:\/\/solecentrodeimagen.com\/wp-content\/uploads\/2025\/01\/Environ-Focus-Care-Radiance-Vita-Botanical-Mela-Fade-Serum.webp\",\"datePublished\":\"2025-01-14T12:49:21+00:00\",\"dateModified\":\"2025-01-27T10:41:12+00:00\",\"description\":\"Combinaci\u00f3n de sueros para la pigmentaci\u00f3n y el da\u00f1o solar. Un sistema de sueros de dos partes con vitaminas y extractos bot\u00e1nicos que ayuda a reducir la apariencia de la pigmentaci\u00f3n y el da\u00f1o solar, dejando la piel m\u00e1s uniforme y luminosa.\",\"breadcrumb\":{\"@id\":\"https:\/\/solecentrodeimagen.com\/producto\/focus-care-radiance-vita-botanical-mela-fade-serum-a-b\/#breadcrumb\"},\"inLanguage\":\"fr-FR\",\"potentialAction\":[{\"@type\":\"ReadAction\",\"target\":[\"https:\/\/solecentrodeimagen.com\/producto\/focus-care-radiance-vita-botanical-mela-fade-serum-a-b\/\"]}]},{\"@type\":\"ImageObject\",\"inLanguage\":\"fr-FR\",\"@id\":\"https:\/\/solecentrodeimagen.com\/producto\/focus-care-radiance-vita-botanical-mela-fade-serum-a-b\/#primaryimage\",\"url\":\"https:\/\/solecentrodeimagen.com\/wp-content\/uploads\/2025\/01\/Environ-Focus-Care-Radiance-Vita-Botanical-Mela-Fade-Serum.webp\",\"contentUrl\":\"https:\/\/solecentrodeimagen.com\/wp-content\/uploads\/2025\/01\/Environ-Focus-Care-Radiance-Vita-Botanical-Mela-Fade-Serum.webp\",\"width\":550,\"height\":550},{\"@type\":\"BreadcrumbList\",\"@id\":\"https:\/\/solecentrodeimagen.com\/producto\/focus-care-radiance-vita-botanical-mela-fade-serum-a-b\/#breadcrumb\",\"itemListElement\":[{\"@type\":\"ListItem\",\"position\":1,\"name\":\"Home\",\"item\":\"https:\/\/solecentrodeimagen.com\/\"},{\"@type\":\"ListItem\",\"position\":2,\"name\":\"Tienda\",\"item\":\"https:\/\/solecentrodeimagen.com\/tienda\/\"},{\"@type\":\"ListItem\",\"position\":3,\"name\":\"Focus Care Radiance+ Vita-Botanical Mela\u2013Fade Serum A &#8211; B 2x30ml\"}]},{\"@type\":\"WebSite\",\"@id\":\"https:\/\/solecentrodeimagen.com\/#website\",\"url\":\"https:\/\/solecentrodeimagen.com\/\",\"name\":\"Sole Centro de Imagen\",\"description\":\"Centro Medicina Est\u00e9tica, Dermatolog\u00eda y Est\u00e9tica avanzada\",\"publisher\":{\"@id\":\"https:\/\/solecentrodeimagen.com\/#organization\"},\"potentialAction\":[{\"@type\":\"SearchAction\",\"target\":{\"@type\":\"EntryPoint\",\"urlTemplate\":\"https:\/\/solecentrodeimagen.com\/?s={search_term_string}\"},\"query-input\":{\"@type\":\"PropertyValueSpecification\",\"valueRequired\":true,\"valueName\":\"search_term_string\"}}],\"inLanguage\":\"fr-FR\"},{\"@type\":\"Organization\",\"@id\":\"https:\/\/solecentrodeimagen.com\/#organization\",\"name\":\"Sole Centro de Imagen Integral\",\"url\":\"https:\/\/solecentrodeimagen.com\/\",\"logo\":{\"@type\":\"ImageObject\",\"inLanguage\":\"fr-FR\",\"@id\":\"https:\/\/solecentrodeimagen.com\/#\/schema\/logo\/image\/\",\"url\":\"https:\/\/solecentrodeimagen.com\/wp-content\/uploads\/2016\/06\/logo-solecentromedico.png\",\"contentUrl\":\"https:\/\/solecentrodeimagen.com\/wp-content\/uploads\/2016\/06\/logo-solecentromedico.png\",\"width\":281,\"height\":96,\"caption\":\"Sole Centro de Imagen Integral\"},\"image\":{\"@id\":\"https:\/\/solecentrodeimagen.com\/#\/schema\/logo\/image\/\"},\"sameAs\":[\"http:\/\/www.facebook.com\/solecentrodeimagen\",\"http:\/\/www.instagram.com\/solecentrodeimagen\"]}]}<\/script>\n<!-- \/ Yoast SEO plugin. -->","yoast_head_json":{"title":"Environ Radiance Mela\u2013Prep Lotion 60ml | Sole Centro de Imagen\u2122","robots":{"index":"index","follow":"follow","max-snippet":"max-snippet:-1","max-image-preview":"max-image-preview:large","max-video-preview":"max-video-preview:-1"},"canonical":"https:\/\/solecentrodeimagen.com\/producto\/focus-care-radiance-vita-botanical-mela-fade-serum-a-b\/","og_locale":"fr_FR","og_type":"article","og_title":"Focus Care Radiance+ Vita-Botanical Mela\u2013Fade Serum A - B 2x30ml | Sole Centro de Imagen","og_url":"https:\/\/solecentrodeimagen.com\/producto\/focus-care-radiance-vita-botanical-mela-fade-serum-a-b\/","og_site_name":"Sole Centro de Imagen","article_publisher":"http:\/\/www.facebook.com\/solecentrodeimagen","article_modified_time":"2025-01-27T10:41:12+00:00","og_image":[{"width":550,"height":550,"url":"https:\/\/solecentrodeimagen.com\/wp-content\/uploads\/2025\/01\/Environ-Focus-Care-Radiance-Vita-Botanical-Mela-Fade-Serum.webp","type":"image\/webp"}],"twitter_card":"summary_large_image","twitter_misc":{"Est. reading time":"1 minute"},"schema":{"@context":"https:\/\/schema.org","@graph":[{"@type":"WebPage","@id":"https:\/\/solecentrodeimagen.com\/producto\/focus-care-radiance-vita-botanical-mela-fade-serum-a-b\/","url":"https:\/\/solecentrodeimagen.com\/producto\/focus-care-radiance-vita-botanical-mela-fade-serum-a-b\/","name":"Environ Radiance Mela\u2013Prep Lotion 60ml | Sole Centro de Imagen\u2122","isPartOf":{"@id":"https:\/\/solecentrodeimagen.com\/#website"},"primaryImageOfPage":{"@id":"https:\/\/solecentrodeimagen.com\/producto\/focus-care-radiance-vita-botanical-mela-fade-serum-a-b\/#primaryimage"},"image":{"@id":"https:\/\/solecentrodeimagen.com\/producto\/focus-care-radiance-vita-botanical-mela-fade-serum-a-b\/#primaryimage"},"thumbnailUrl":"https:\/\/solecentrodeimagen.com\/wp-content\/uploads\/2025\/01\/Environ-Focus-Care-Radiance-Vita-Botanical-Mela-Fade-Serum.webp","datePublished":"2025-01-14T12:49:21+00:00","dateModified":"2025-01-27T10:41:12+00:00","description":"Combinaci\u00f3n de sueros para la pigmentaci\u00f3n y el da\u00f1o solar. Un sistema de sueros de dos partes con vitaminas y extractos bot\u00e1nicos que ayuda a reducir la apariencia de la pigmentaci\u00f3n y el da\u00f1o solar, dejando la piel m\u00e1s uniforme y luminosa.","breadcrumb":{"@id":"https:\/\/solecentrodeimagen.com\/producto\/focus-care-radiance-vita-botanical-mela-fade-serum-a-b\/#breadcrumb"},"inLanguage":"fr-FR","potentialAction":[{"@type":"ReadAction","target":["https:\/\/solecentrodeimagen.com\/producto\/focus-care-radiance-vita-botanical-mela-fade-serum-a-b\/"]}]},{"@type":"ImageObject","inLanguage":"fr-FR","@id":"https:\/\/solecentrodeimagen.com\/producto\/focus-care-radiance-vita-botanical-mela-fade-serum-a-b\/#primaryimage","url":"https:\/\/solecentrodeimagen.com\/wp-content\/uploads\/2025\/01\/Environ-Focus-Care-Radiance-Vita-Botanical-Mela-Fade-Serum.webp","contentUrl":"https:\/\/solecentrodeimagen.com\/wp-content\/uploads\/2025\/01\/Environ-Focus-Care-Radiance-Vita-Botanical-Mela-Fade-Serum.webp","width":550,"height":550},{"@type":"BreadcrumbList","@id":"https:\/\/solecentrodeimagen.com\/producto\/focus-care-radiance-vita-botanical-mela-fade-serum-a-b\/#breadcrumb","itemListElement":[{"@type":"ListItem","position":1,"name":"Home","item":"https:\/\/solecentrodeimagen.com\/"},{"@type":"ListItem","position":2,"name":"Tienda","item":"https:\/\/solecentrodeimagen.com\/tienda\/"},{"@type":"ListItem","position":3,"name":"Focus Care Radiance+ Vita-Botanical Mela\u2013Fade Serum A &#8211; B 2x30ml"}]},{"@type":"WebSite","@id":"https:\/\/solecentrodeimagen.com\/#website","url":"https:\/\/solecentrodeimagen.com\/","name":"Sole Centro de Imagen","description":"Centro Medicina Est\u00e9tica, Dermatolog\u00eda y Est\u00e9tica avanzada","publisher":{"@id":"https:\/\/solecentrodeimagen.com\/#organization"},"potentialAction":[{"@type":"SearchAction","target":{"@type":"EntryPoint","urlTemplate":"https:\/\/solecentrodeimagen.com\/?s={search_term_string}"},"query-input":{"@type":"PropertyValueSpecification","valueRequired":true,"valueName":"search_term_string"}}],"inLanguage":"fr-FR"},{"@type":"Organization","@id":"https:\/\/solecentrodeimagen.com\/#organization","name":"Sole Centro de Imagen Integral","url":"https:\/\/solecentrodeimagen.com\/","logo":{"@type":"ImageObject","inLanguage":"fr-FR","@id":"https:\/\/solecentrodeimagen.com\/#\/schema\/logo\/image\/","url":"https:\/\/solecentrodeimagen.com\/wp-content\/uploads\/2016\/06\/logo-solecentromedico.png","contentUrl":"https:\/\/solecentrodeimagen.com\/wp-content\/uploads\/2016\/06\/logo-solecentromedico.png","width":281,"height":96,"caption":"Sole Centro de Imagen Integral"},"image":{"@id":"https:\/\/solecentrodeimagen.com\/#\/schema\/logo\/image\/"},"sameAs":["http:\/\/www.facebook.com\/solecentrodeimagen","http:\/\/www.instagram.com\/solecentrodeimagen"]}]}},"_links":{"self":[{"href":"https:\/\/solecentrodeimagen.com\/fr\/wp-json\/wp\/v2\/product\/23002"}],"collection":[{"href":"https:\/\/solecentrodeimagen.com\/fr\/wp-json\/wp\/v2\/product"}],"about":[{"href":"https:\/\/solecentrodeimagen.com\/fr\/wp-json\/wp\/v2\/types\/product"}],"replies":[{"embeddable":true,"href":"https:\/\/solecentrodeimagen.com\/fr\/wp-json\/wp\/v2\/comments?post=23002"}],"wp:featuredmedia":[{"embeddable":true,"href":"https:\/\/solecentrodeimagen.com\/fr\/wp-json\/wp\/v2\/media\/22959"}],"wp:attachment":[{"href":"https:\/\/solecentrodeimagen.com\/fr\/wp-json\/wp\/v2\/media?parent=23002"}],"wp:term":[{"taxonomy":"product_cat","embeddable":true,"href":"https:\/\/solecentrodeimagen.com\/fr\/wp-json\/wp\/v2\/product_cat?post=23002"},{"taxonomy":"product_tag","embeddable":true,"href":"https:\/\/solecentrodeimagen.com\/fr\/wp-json\/wp\/v2\/product_tag?post=23002"}],"curies":[{"name":"wp","href":"https:\/\/api.w.org\/{rel}","templated":true}]}}